{"id":201,"date":"2019-11-27T18:16:03","date_gmt":"2019-11-27T16:16:03","guid":{"rendered":"http:\/\/geogebra.fespm.es\/?page_id=201"},"modified":"2023-03-27T08:17:08","modified_gmt":"2023-03-27T06:17:08","slug":"modalidades-y-niveles","status":"publish","type":"page","link":"http:\/\/congresogeogebra.org\/index.php\/modalidades-y-niveles\/","title":{"rendered":"Modalidades y niveles"},"content":{"rendered":"<style>.page-header-content{background:transparent !important;vertical-align: bottom;}header.sabbi-page-header{min-height: 2.5vw !important;height: 2.5vw !important;}<\/style>\n\n\n<p><strong>Las modalidades para las que se pueden presentar trabajos son:<\/strong><\/p>\n\n\n\n<p><strong>Comunicaci\u00f3n (CB)<\/strong><br> El autor dispondr\u00e1 de veinte minutos para presentar una experiencia o un reporte de investigaci\u00f3n (culminada o en curso), con un tiempo posterior de cinco minutos para responder preguntas de los asistentes.<\/p>\n\n\n\n<p><strong>P\u00f3ster (P)<\/strong><br> El tama\u00f1o del P\u00f3ster debe ser un A0 (ancho de 841 mm y alto de 1189 mm), con una clara visualizaci\u00f3n del texto y gr\u00e1ficos, siendo legible a un metro de distancia.<\/p>\n\n\n\n<p><strong>En las comunicaciones y en los p\u00f3steres se admitir\u00e1n como m\u00e1ximo 4 autores o autoras, y para estar definitivamente aceptado debe estar el 50% de ellos o ellas inscritos o inscritas en el congreso.<\/strong><\/p>\n\n\n\n<p><strong>Los trabajos presentados se ajustar\u00e1n a uno de los n\u00facleos tem\u00e1ticos indicados anteriormente y a uno de los siguientes niveles educativos:<\/strong><\/p>\n\n\n\n<p><strong>Niveles educativos<\/strong><\/p>\n\n\n\n<ol><li>Inicial (3 a 5 a\u00f1os) y Primario (6 a 11\na\u00f1os)<\/li><li>Medio o Secundario (12 a 15 a\u00f1os) y Terciario\no Bachillerato (16 a 18 a\u00f1os) y Formaci\u00f3n Profesional.<\/li><li>Universidad.<\/li><\/ol>\n","protected":false},"excerpt":{"rendered":"<p>Las modalidades para las que se pueden presentar trabajos son: Comunicaci\u00f3n (CB) El autor dispondr\u00e1 de veinte minutos para presentar una experiencia o un reporte de investigaci\u00f3n (culminada o en curso), con un tiempo posterior de cinco minutos para responder preguntas de los asistentes. P\u00f3ster (P) El tama\u00f1o del P\u00f3ster debe ser un A0 (ancho [&hellip;]<\/p>\n","protected":false},"author":1,"featured_media":0,"parent":0,"menu_order":0,"comment_status":"closed","ping_status":"closed","template":"","meta":[],"_links":{"self":[{"href":"http:\/\/congresogeogebra.org\/index.php\/wp-json\/wp\/v2\/pages\/201"}],"collection":[{"href":"http:\/\/congresogeogebra.org\/index.php\/wp-json\/wp\/v2\/pages"}],"about":[{"href":"http:\/\/congresogeogebra.org\/index.php\/wp-json\/wp\/v2\/types\/page"}],"author":[{"embeddable":true,"href":"http:\/\/congresogeogebra.org\/index.php\/wp-json\/wp\/v2\/users\/1"}],"replies":[{"embeddable":true,"href":"http:\/\/congresogeogebra.org\/index.php\/wp-json\/wp\/v2\/comments?post=201"}],"version-history":[{"count":5,"href":"http:\/\/congresogeogebra.org\/index.php\/wp-json\/wp\/v2\/pages\/201\/revisions"}],"predecessor-version":[{"id":1394,"href":"http:\/\/congresogeogebra.org\/index.php\/wp-json\/wp\/v2\/pages\/201\/revisions\/1394"}],"wp:attachment":[{"href":"http:\/\/congresogeogebra.org\/index.php\/wp-json\/wp\/v2\/media?parent=201"}],"curies":[{"name":"wp","href":"https:\/\/api.w.org\/{rel}","templated":true}]}}