{"id":491,"date":"2020-01-14T13:55:29","date_gmt":"2020-01-14T11:55:29","guid":{"rendered":"http:\/\/congresogeogebra.org\/?page_id=491"},"modified":"2023-03-29T10:25:58","modified_gmt":"2023-03-29T08:25:58","slug":"modalidades-de-apresentacao-de-trabalhos","status":"publish","type":"page","link":"http:\/\/congresogeogebra.org\/index.php\/pt\/modalidades-de-apresentacao-de-trabalhos\/","title":{"rendered":"Modalidades de apresenta\u00e7\u00e3o de trabalhos"},"content":{"rendered":"<style>.page-header-content{background:transparent !important;vertical-align: bottom;}header.sabbi-page-header{min-height: 2.5vw !important;height: 2.5vw !important;}<\/style>\n<p><b>Comunica\u00e7\u00e3o Breve (CB)<\/b><br \/>\nO autor ter\u00e1 vinte minutos para apresentar uma experi\u00eancia ou um relat\u00f3rio de pesquisa (conclu\u00eddo ou em elabora\u00e7\u00e3o), acrescido de cinco minutos para resposta \u00e0s quest\u00f5es que possam ser apresentadas pelos participantes.<\/p>\n<p><b>P\u00f4ster (P)<\/b><\/p>\n<p>O tamanho do P\u00f4ster deve ser A0 (largura de 841 mm e altura de 1189 mm), com visualiza\u00e7\u00e3o clara do texto e gr\u00e1ficos, sendo leg\u00edvel \u00e0 dist\u00e2ncia de um metro.<\/p>\n<p><strong>Nas comunica\u00e7\u00f5es e nos p\u00f4steres ser\u00e3o admitidos no m\u00e1ximo 4 autores ou autoras, sendo que para ser aceito definitivamente 50% deles devem estar inscritos no congresso.<\/strong><\/p>\n<p>Os trabalhos apresentados ser\u00e3o ajustados a um dos n\u00facleos tem\u00e1ticos indicados acima e a um dos seguintes n\u00edveis de escolaridade:<\/p>\n<p><b>N\u00edveis de escolaridade<\/b><\/p>\n<ol>\n<li>Inicial (3 a 5 anos)* e Ensino Prim\u00e1rio (6 a 11 anos)*<\/li>\n<li>Ensino M\u00e9dio (12 a 15 anos), Ensino Secund\u00e1rio (16 a 18 anos) e Forma\u00e7\u00e3o Profissional.**<\/li>\n<li>Universit\u00e1rio.<\/li>\n<\/ol>\n<p>* Ensino Pr\u00e9-escolar , 1\u00ba e 2\u00ba Ciclo do Ensino B\u00e1sico, em Portugal.<br \/>\n** 3\u00ba Ciclo do Ensino B\u00e1sico, todas as modalidades de Ensino secund\u00e1rio, em Portugal.<\/p>\n","protected":false},"excerpt":{"rendered":"<p>Comunica\u00e7\u00e3o Breve (CB) O autor ter\u00e1 vinte minutos para apresentar uma experi\u00eancia ou um relat\u00f3rio de pesquisa (conclu\u00eddo ou em elabora\u00e7\u00e3o), acrescido de cinco minutos para resposta \u00e0s quest\u00f5es que possam ser apresentadas pelos participantes. P\u00f4ster (P) O tamanho do P\u00f4ster deve ser A0 (largura de 841 mm e altura de 1189 mm), com visualiza\u00e7\u00e3o [&hellip;]<\/p>\n","protected":false},"author":1,"featured_media":0,"parent":0,"menu_order":0,"comment_status":"closed","ping_status":"closed","template":"","meta":[],"_links":{"self":[{"href":"http:\/\/congresogeogebra.org\/index.php\/wp-json\/wp\/v2\/pages\/491"}],"collection":[{"href":"http:\/\/congresogeogebra.org\/index.php\/wp-json\/wp\/v2\/pages"}],"about":[{"href":"http:\/\/congresogeogebra.org\/index.php\/wp-json\/wp\/v2\/types\/page"}],"author":[{"embeddable":true,"href":"http:\/\/congresogeogebra.org\/index.php\/wp-json\/wp\/v2\/users\/1"}],"replies":[{"embeddable":true,"href":"http:\/\/congresogeogebra.org\/index.php\/wp-json\/wp\/v2\/comments?post=491"}],"version-history":[{"count":2,"href":"http:\/\/congresogeogebra.org\/index.php\/wp-json\/wp\/v2\/pages\/491\/revisions"}],"predecessor-version":[{"id":862,"href":"http:\/\/congresogeogebra.org\/index.php\/wp-json\/wp\/v2\/pages\/491\/revisions\/862"}],"wp:attachment":[{"href":"http:\/\/congresogeogebra.org\/index.php\/wp-json\/wp\/v2\/media?parent=491"}],"curies":[{"name":"wp","href":"https:\/\/api.w.org\/{rel}","templated":true}]}}