{"id":512,"date":"2020-01-14T14:16:01","date_gmt":"2020-01-14T12:16:01","guid":{"rendered":"http:\/\/congresogeogebra.org\/?page_id=512"},"modified":"2025-09-16T00:53:42","modified_gmt":"2025-09-15T22:53:42","slug":"inscricao","status":"publish","type":"page","link":"http:\/\/congresogeogebra.org\/index.php\/pt\/inscricao\/","title":{"rendered":"Inscri\u00e7\u00e3o"},"content":{"rendered":"<style>.page-header-content{background:transparent !important;vertical-align: bottom;}header.sabbi-page-header{min-height: 2.5vw !important;height: 2.5vw !important;}<\/style>\n\n\n<p>Para se registrar \u00e9 necess\u00e1rio preencher <a href=\"https:\/\/congresogeogebra.org\/index.php\/pt\/inscricao-2\/\" data-type=\"URL\" data-id=\"https:\/\/congresogeogebra.org\/index.php\/pt\/inscricao-2\/\" target=\"_blank\" rel=\"noreferrer noopener\">o formul\u00e1rio<\/a>  com todos os dados e efetuar o pagamento da taxa de inscri\u00e7\u00e3o atrav\u00e9s da loja online da Universidade de Coimbra: <a rel=\"noreferrer noopener\" href=\"https:\/\/lojas.ci.uc.pt\/uc\/index.php?cPath=497\" target=\"_blank\">https:\/\/lojas.ci.uc.pt\/uc\/index.php?cPath=497<\/a> <\/p>\n\n\n\n<p>As taxas de inscri\u00e7\u00e3o s\u00e3o detalhadas de acordo com os seguintes per\u00edodos e benef\u00edcios:<\/p>\n\n\n\n<figure class=\"wp-block-table\"><table><tbody><tr><td>  <strong> Data de Pagamento <\/strong>  <\/td><td class=\"has-text-align-center\" data-align=\"center\">   S\u00f3cios FISEM ou FESPM<\/td><td class=\"has-text-align-center\" data-align=\"center\">Estudantes<\/td><td class=\"has-text-align-center\" data-align=\"center\">\n  N\u00e3o s\u00f3cios\n  <\/td><\/tr><tr><td>   At\u00e9 30 de setembro de 2025<\/td><td class=\"has-text-align-center\" data-align=\"center\">   80 \u20ac   <\/td><td class=\"has-text-align-center\" data-align=\"center\">50 \u20ac<\/td><td class=\"has-text-align-center\" data-align=\"center\">   100 \u20ac   <\/td><\/tr><tr><td>   De 1 de outubro a 15 de outubro de 2025<\/td><td class=\"has-text-align-center\" data-align=\"center\">   100 \u20ac   <\/td><td class=\"has-text-align-center\" data-align=\"center\">50 \u20ac<\/td><td class=\"has-text-align-center\" data-align=\"center\">\n  120 \u20ac\n  <\/td><\/tr><\/tbody><\/table><\/figure>\n\n\n\n<p>Para provar a associa\u00e7\u00e3o ao FISEM ou FESPM, voc\u00ea deve indic\u00e1-lo quando se registrar na Web; Com os dados inseridos, a condi\u00e7\u00e3o associada ao FISEM ou FESPM ser\u00e1 verificada.<\/p>\n\n\n\n<p>A inscri\u00e7\u00e3o n\u00e3o ser\u00e1 reembolsada exceto por causas graves devidamente justificadas.<\/p>\n","protected":false},"excerpt":{"rendered":"<p>Para se registrar \u00e9 necess\u00e1rio preencher o formul\u00e1rio com todos os dados e efetuar o pagamento da taxa de inscri\u00e7\u00e3o atrav\u00e9s da loja online da Universidade de Coimbra: https:\/\/lojas.ci.uc.pt\/uc\/index.php?cPath=497 As taxas de inscri\u00e7\u00e3o s\u00e3o detalhadas de acordo com os seguintes per\u00edodos e benef\u00edcios: Data de Pagamento S\u00f3cios FISEM ou FESPM Estudantes N\u00e3o s\u00f3cios At\u00e9 30 [&hellip;]<\/p>\n","protected":false},"author":1,"featured_media":0,"parent":0,"menu_order":0,"comment_status":"closed","ping_status":"closed","template":"","meta":[],"_links":{"self":[{"href":"http:\/\/congresogeogebra.org\/index.php\/wp-json\/wp\/v2\/pages\/512"}],"collection":[{"href":"http:\/\/congresogeogebra.org\/index.php\/wp-json\/wp\/v2\/pages"}],"about":[{"href":"http:\/\/congresogeogebra.org\/index.php\/wp-json\/wp\/v2\/types\/page"}],"author":[{"embeddable":true,"href":"http:\/\/congresogeogebra.org\/index.php\/wp-json\/wp\/v2\/users\/1"}],"replies":[{"embeddable":true,"href":"http:\/\/congresogeogebra.org\/index.php\/wp-json\/wp\/v2\/comments?post=512"}],"version-history":[{"count":16,"href":"http:\/\/congresogeogebra.org\/index.php\/wp-json\/wp\/v2\/pages\/512\/revisions"}],"predecessor-version":[{"id":2025,"href":"http:\/\/congresogeogebra.org\/index.php\/wp-json\/wp\/v2\/pages\/512\/revisions\/2025"}],"wp:attachment":[{"href":"http:\/\/congresogeogebra.org\/index.php\/wp-json\/wp\/v2\/media?parent=512"}],"curies":[{"name":"wp","href":"https:\/\/api.w.org\/{rel}","templated":true}]}}