{"id":1241,"date":"2024-10-03T18:38:44","date_gmt":"2024-10-03T16:38:44","guid":{"rendered":"https:\/\/congresogeogebra.org\/?page_id=1241"},"modified":"2024-12-20T17:24:05","modified_gmt":"2024-12-20T15:24:05","slug":"ii-congresso-internacional-geogebra","status":"publish","type":"page","link":"https:\/\/congresogeogebra.org\/index.php\/pt\/sample-page\/ii-congresso-internacional-geogebra\/","title":{"rendered":"II CIG"},"content":{"rendered":"\n<p><\/p>\n\n\n\n<p class=\"has-large-font-size\"><strong>II Congresso Internacional GeoGebra<\/strong> (II CIG)<\/p>\n\n\n\n<p class=\"has-medium-font-size\"><strong>23 e 25 de outubro de 2025<\/strong><\/p>\n\n\n\n<p class=\"has-medium-font-size\"><a rel=\"noreferrer noopener\" href=\"https:\/\/www.uc.pt\/fctuc\/dmat\/\" target=\"_blank\">Departamento de Matem\u00e1tica<\/a> <\/p>\n\n\n\n<div class=\"wp-block-image\"><figure class=\"aligncenter is-resized\"><img loading=\"lazy\" src=\"https:\/\/congresogeogebra.org\/wp-content\/uploads\/2024\/10\/DMUC-1024x576.png\" alt=\"DMUC\" width=\"512\" height=\"288\"\/><\/figure><\/div>\n\n\n\n<p class=\"has-medium-font-size\"><a rel=\"noreferrer noopener\" href=\"https:\/\/www.uc.pt\/\" target=\"_blank\">Universidade de Coimbra<\/a> <\/p>\n\n\n\n<div class=\"wp-block-image\"><figure class=\"aligncenter size-large is-resized\"><img loading=\"lazy\" src=\"https:\/\/congresogeogebra.org\/wp-content\/uploads\/2024\/10\/UC_H_FundoClaro-negro-1024x305.png\" alt=\"\" class=\"wp-image-1259\" width=\"512\" height=\"153\" srcset=\"https:\/\/congresogeogebra.org\/wp-content\/uploads\/2024\/10\/UC_H_FundoClaro-negro-1024x305.png 1024w, https:\/\/congresogeogebra.org\/wp-content\/uploads\/2024\/10\/UC_H_FundoClaro-negro-300x89.png 300w, https:\/\/congresogeogebra.org\/wp-content\/uploads\/2024\/10\/UC_H_FundoClaro-negro-768x229.png 768w, https:\/\/congresogeogebra.org\/wp-content\/uploads\/2024\/10\/UC_H_FundoClaro-negro-1536x457.png 1536w, https:\/\/congresogeogebra.org\/wp-content\/uploads\/2024\/10\/UC_H_FundoClaro-negro-2048x610.png 2048w\" sizes=\"(max-width: 512px) 100vw, 512px\" \/><\/figure><\/div>\n\n\n\n<p class=\"has-medium-font-size\">Entre 23 e 25 de outubro de 2025 o Departamento de Matem\u00e1tica da Universidade de Coimbra, numa iniciativa do Mestrado em Ensino da Matem\u00e1tica para o Ensino B\u00e1sico e secund\u00e1rio, ser\u00e1 a sede do II Congresso Internacional GeoGebra. Muito em breve est\u00e1 p\u00e1gina ser\u00e1 reorganizada de modo a passar a incluir todas as informa\u00e7\u00f5es \u00fateis para todos aqueles que quiserem participar nesta nova edi\u00e7\u00e3o. Em <a rel=\"noreferrer noopener\" href=\"https:\/\/www.turismodeportugal.pt\/\" target=\"_blank\">Portugal<\/a>, em <a rel=\"noreferrer noopener\" href=\"https:\/\/es.wikipedia.org\/wiki\/Co%C3%ADmbra\" target=\"_blank\">Coimbra<\/a>, vos esperamos!<\/p>\n\n\n\n<figure class=\"wp-block-video\"><video controls src=\"https:\/\/congresogeogebra.org\/wp-content\/uploads\/2024\/10\/Coimbra-o-local-certo-para-visitar.mp4\"><\/video><figcaption>V\u00eddeo dispon\u00edvel em https:\/\/www.cm-coimbra.pt\/<\/figcaption><\/figure>\n\n\n\n<p><\/p>\n","protected":false},"excerpt":{"rendered":"<p>II Congresso Internacional GeoGebra (II CIG) 23 e 25 de outubro de 2025 Departamento de Matem\u00e1tica Universidade de Coimbra Entre 23 e 25 de outubro de 2025 o Departamento de Matem\u00e1tica da Universidade de Coimbra, numa iniciativa do Mestrado em Ensino da Matem\u00e1tica para o Ensino B\u00e1sico e secund\u00e1rio, ser\u00e1 a sede do II Congresso [&hellip;]<\/p>\n","protected":false},"author":3,"featured_media":0,"parent":2,"menu_order":0,"comment_status":"closed","ping_status":"closed","template":"","meta":[],"_links":{"self":[{"href":"https:\/\/congresogeogebra.org\/index.php\/wp-json\/wp\/v2\/pages\/1241"}],"collection":[{"href":"https:\/\/congresogeogebra.org\/index.php\/wp-json\/wp\/v2\/pages"}],"about":[{"href":"https:\/\/congresogeogebra.org\/index.php\/wp-json\/wp\/v2\/types\/page"}],"author":[{"embeddable":true,"href":"https:\/\/congresogeogebra.org\/index.php\/wp-json\/wp\/v2\/users\/3"}],"replies":[{"embeddable":true,"href":"https:\/\/congresogeogebra.org\/index.php\/wp-json\/wp\/v2\/comments?post=1241"}],"version-history":[{"count":11,"href":"https:\/\/congresogeogebra.org\/index.php\/wp-json\/wp\/v2\/pages\/1241\/revisions"}],"predecessor-version":[{"id":1323,"href":"https:\/\/congresogeogebra.org\/index.php\/wp-json\/wp\/v2\/pages\/1241\/revisions\/1323"}],"up":[{"embeddable":true,"href":"https:\/\/congresogeogebra.org\/index.php\/wp-json\/wp\/v2\/pages\/2"}],"wp:attachment":[{"href":"https:\/\/congresogeogebra.org\/index.php\/wp-json\/wp\/v2\/media?parent=1241"}],"curies":[{"name":"wp","href":"https:\/\/api.w.org\/{rel}","templated":true}]}}