{"id":1543,"date":"2025-01-23T20:01:06","date_gmt":"2025-01-23T18:01:06","guid":{"rendered":"https:\/\/congresogeogebra.org\/?page_id=1543"},"modified":"2025-01-23T20:09:24","modified_gmt":"2025-01-23T18:09:24","slug":"alojamento-em-coimbra","status":"publish","type":"page","link":"https:\/\/congresogeogebra.org\/index.php\/pt\/alojamento-em-coimbra\/","title":{"rendered":"Alojamento em Coimbra"},"content":{"rendered":"\n<p>O alojamento em Coimbra e diverso aqui encontra algumas sugest\u00f5es, mas pode recorrer tamb\u00e9m a muitas outras ofertas dispon\u00edveis em plataformas online.<br><\/p>\n\n\n\n<p><strong>Vila Gal\u00e9\u00a0<\/strong>\u00a0<strong>(4 estrelas)<\/strong><\/p>\n\n\n\n<p>Rua Abel Dias Urbano, 20, 3000-001 Coimbra | (+351) 239 240 000<\/p>\n\n\n\n<p><a href=\"https:\/\/reservas.vilagale.com\/engine\/search\" target=\"_blank\" rel=\"noreferrer noopener\">Website<\/a><\/p>\n\n\n\n<p><a rel=\"noreferrer noopener\" href=\"https:\/\/maps.app.goo.gl\/2HnDAUmDcFjqcwCfA\" target=\"_blank\" data-type=\"URL\" data-id=\"https:\/\/maps.app.goo.gl\/2HnDAUmDcFjqcwCfA\">Ver mapa<\/a><\/p>\n\n\n\n<p><strong>Dona In\u00eas<\/strong>\u00a0<strong>(3 estrelas)<\/strong><\/p>\n\n\n\n<p>Rua Abel Dias Urbano, 12, 3000-001 Coimbra | (+351) 239 855 800<\/p>\n\n\n\n<p><a href=\"https:\/\/www.donaines.pt\/\" target=\"_blank\" rel=\"noreferrer noopener\">Website<\/a><\/p>\n\n\n\n<p><a href=\"https:\/\/maps.app.goo.gl\/AgUQMrGw5K3ofcvK7\" data-type=\"URL\" data-id=\"https:\/\/maps.app.goo.gl\/AgUQMrGw5K3ofcvK7\" target=\"_blank\" rel=\"noreferrer noopener\">Ver mapa<\/a><\/p>\n\n\n\n<p><strong>Ibis Coimbra Centro<\/strong>\u00a0<strong>(2 estrelas)<\/strong><\/p>\n\n\n\n<p>Avenida Em\u00eddio Navarro, n\u00b070, Edif\u00edcio Top\u00e1zio, 3000-150 Coimbra | (+351) 239 852 130<\/p>\n\n\n\n<p><a href=\"https:\/\/all.accor.com\/hotel\/1672\/index.pt.shtml?dateIn=&amp;nights=&amp;compositions=1&amp;stayplus=false&amp;snu=false#origin=ibis\" target=\"_blank\" rel=\"noreferrer noopener\">Website<\/a><\/p>\n\n\n\n<p><a href=\"https:\/\/maps.app.goo.gl\/eDsFqEmCfpZSd81T7\" data-type=\"URL\" data-id=\"https:\/\/maps.app.goo.gl\/eDsFqEmCfpZSd81T7\" target=\"_blank\" rel=\"noreferrer noopener\">Ver mapa<\/a><\/p>\n\n\n\n<p><strong>Hotel D. Lu\u00eds<\/strong>\u00a0<strong>(3 estrelas)<\/strong><\/p>\n\n\n\n<p>Rotunda Ponte Rainha Santa Isabel, Santa Clara, 3040-091 Coimbra | (+351) 239 802 120<\/p>\n\n\n\n<p><a href=\"https:\/\/www.hoteldluis.pt\/\" target=\"_blank\" rel=\"noreferrer noopener\">Website<\/a><\/p>\n\n\n\n<p><a href=\"https:\/\/maps.app.goo.gl\/NbHSN578CwQFMHoD9\" data-type=\"URL\" data-id=\"https:\/\/maps.app.goo.gl\/NbHSN578CwQFMHoD9\" target=\"_blank\" rel=\"noreferrer noopener\">Ver mapa<\/a><\/p>\n\n\n\n<p><strong>Quinta das L\u00e1grimas<\/strong> <strong>(5 estrelas)<\/strong><\/p>\n\n\n\n<p>Rua Ant\u00f3nio Augusto Gon\u00e7alves 3041-901 Coimbra | (+351) 239 802 380<\/p>\n\n\n\n<p><a href=\"https:\/\/www.quintadaslagrimas.pt\/pt\/?gclid=Cj0KCQjwpcOTBhCZARIsAEAYLuWfy2cJzquKuahlnnVrbjxTRyi5UXvLLCuS-RY9_wVZptok-8IqESMaAkEpEALw_wcB\" target=\"_blank\" rel=\"noreferrer noopener\">Website<\/a><\/p>\n\n\n\n<p><a href=\"https:\/\/maps.app.goo.gl\/RaetXqxa8Qg9BvDs6\" data-type=\"URL\" data-id=\"https:\/\/maps.app.goo.gl\/RaetXqxa8Qg9BvDs6\" target=\"_blank\" rel=\"noreferrer noopener\">Ver mapa<\/a><\/p>\n\n\n\n<p><strong>Sapientia Books &amp; Wine Hotel\u00a0(4 estrelas)<\/strong><\/p>\n\n\n\n<p>Rua Jos\u00e9 Falc\u00e3o N\u00ba4, 3000-062 Coimbra | (+351) 239 151 803<\/p>\n\n\n\n<p><a rel=\"noreferrer noopener\" href=\"http:\/\/www.sapientiahotel.com\/\" target=\"_blank\">Website<\/a><\/p>\n\n\n\n<p><a rel=\"noreferrer noopener\" href=\"https:\/\/maps.app.goo.gl\/MWytNSqT9PtCd1jK9\" data-type=\"URL\" data-id=\"https:\/\/maps.app.goo.gl\/MWytNSqT9PtCd1jK9\" target=\"_blank\">Ver mapa<\/a><\/p>\n\n\n\n<p><strong>Tivoli Coimbra Hotel<\/strong> <strong>(4 estrelas)<\/strong><\/p>\n\n\n\n<p>Rua Jo\u00e3o Machado, n\u00ba 4, 3000-226 Coimbra | (+351) 239 858 300<\/p>\n\n\n\n<p><a href=\"https:\/\/www.tivolihotels.com\/pt\/tivoli-coimbra\" target=\"_blank\" rel=\"noreferrer noopener\">Website<\/a><\/p>\n\n\n\n<p><a href=\"https:\/\/maps.app.goo.gl\/D3g4ZyY57bbVFENx8\" data-type=\"URL\" data-id=\"https:\/\/maps.app.goo.gl\/D3g4ZyY57bbVFENx8\" target=\"_blank\" rel=\"noreferrer noopener\">Ver mapa<\/a><\/p>\n\n\n\n<p><strong>\u04d4minium Coimbra Hotel\u00a0<\/strong> <strong>(4 estrelas)<\/strong><\/p>\n\n\n\n<h5><strong>Affiliated by Meli\u00e1<\/strong><\/h5>\n\n\n\n<p>Avenida Armando Gon\u00e7alves, Lote 20, Coimbra, Portugal | (+351) 239 480 800<\/p>\n\n\n\n<p><a href=\"https:\/\/www.melia.com\/pt\/hoteis\/portugal\/coimbra\/hotel-coimbra-aeminium-by-melia\" data-type=\"URL\" data-id=\"https:\/\/www.melia.com\/pt\/hoteis\/portugal\/coimbra\/hotel-coimbra-aeminium-by-melia\" target=\"_blank\" rel=\"noreferrer noopener\">Website<\/a><\/p>\n\n\n\n<p><a href=\"https:\/\/maps.app.goo.gl\/EYLiXmWRaE4ThKgv8\" data-type=\"URL\" data-id=\"https:\/\/maps.app.goo.gl\/EYLiXmWRaE4ThKgv8\" target=\"_blank\" rel=\"noreferrer noopener\">Ver mapa<\/a><\/p>\n\n\n\n<p><strong>\u00a0Hotel Oslo\u00a0(3 estrelas)<\/strong><\/p>\n\n\n\n<p>Av. Fern\u00e3o de Magalh\u00e3es, 25, 3000-175 Coimbra | (+351) 239 829 071<\/p>\n\n\n\n<p><a href=\"http:\/\/www.hoteloslo-coimbra.pt\/\" target=\"_blank\" rel=\"noreferrer noopener\">Website<\/a><\/p>\n\n\n\n<p><a href=\"https:\/\/maps.app.goo.gl\/CuD2u3w5XM8JGeeM8\" data-type=\"URL\" data-id=\"https:\/\/maps.app.goo.gl\/CuD2u3w5XM8JGeeM8\" target=\"_blank\" rel=\"noreferrer noopener\">Ver mapa<\/a><\/p>\n\n\n\n<p><strong>Riversuites<\/strong><\/p>\n\n\n\n<p>Avenida Jo\u00e3o das Regras, n\u00ba82 Coimbra , 3040-256 Coimbra | (+351) 239 440 582<\/p>\n\n\n\n<p><a href=\"https:\/\/www.riversuites.pt\/pt\/index.html\">Website<\/a><\/p>\n\n\n\n<p><a href=\"https:\/\/maps.app.goo.gl\/u4fEApbZDbSpM7Mn7\" data-type=\"URL\" data-id=\"https:\/\/maps.app.goo.gl\/u4fEApbZDbSpM7Mn7\" target=\"_blank\" rel=\"noreferrer noopener\">Ver mapa<\/a><\/p>\n\n\n\n<p><strong>Coimbra City Charm&nbsp;<\/strong><\/p>\n\n\n\n<p>Rua das Padeiras n\u00ba34, 3000-310 Coimbra | (+351) 913 489 001<\/p>\n\n\n\n<p><a href=\"https:\/\/coimbracitycharm.com\/\" target=\"_blank\" rel=\"noreferrer noopener\">Website<\/a><\/p>\n\n\n\n<p><a href=\"https:\/\/maps.app.goo.gl\/t9zSB7JEGmW2eQU66\" data-type=\"URL\" data-id=\"https:\/\/maps.app.goo.gl\/t9zSB7JEGmW2eQU66\" target=\"_blank\" rel=\"noreferrer noopener\">Ver mapa<\/a><\/p>\n\n\n\n<p><strong>Stay Hotel Coimbra<\/strong><\/p>\n\n\n\n<p>Avenida Fern\u00e3o de Magalh\u00e3es, n\u00ba 199, 3000-176 Coimbra | (+351) 239 855 500<\/p>\n\n\n\n<p><a href=\"https:\/\/www.stayhotels.pt\/coimbra-centro\/\" target=\"_blank\" rel=\"noreferrer noopener\">Website<\/a><\/p>\n\n\n\n<p><a rel=\"noreferrer noopener\" href=\"https:\/\/www.google.com\/maps\/place\/Av.+Fern%C3%A3o+de+Magalh%C3%A3es+199,+3000-176+Coimbra\/@40.2116297,-8.4352622,17z\/data=!3m1!4b1!4m5!3m4!1s0xd22f904392b9327:0x8851bad431cc7a04!8m2!3d40.2116297!4d-8.4330735\" target=\"_blank\">Ver mapa<\/a><\/p>\n\n\n\n<p><strong>Hotel Ast\u00f3ria\u00a0<\/strong> <strong>(3 estrelas)<\/strong><\/p>\n\n\n\n<p>Av. Em\u00eddio Navarro, 21, 3000-150 Coimbra | (+351) 239 853 020**<\/p>\n\n\n\n<p><a href=\"http:\/\/www.almeidahotels.pt\/\" target=\"_blank\" rel=\"noreferrer noopener\">Website<\/a><\/p>\n\n\n\n<p><a href=\"https:\/\/maps.app.goo.gl\/GVg9Ach2W867UkL28\" data-type=\"URL\" data-id=\"https:\/\/maps.app.goo.gl\/GVg9Ach2W867UkL28\" target=\"_blank\" rel=\"noreferrer noopener\">Ver mapa<\/a><\/p>\n\n\n\n<p><strong>Serenata Hotel &amp; Hostel Coimbra<\/strong> <strong>(2 estrelas)<\/strong><\/p>\n\n\n\n<p>Largo da S\u00e9 Velha 21 23, 3000-383 Coimbra | (+351) 931920121<\/p>\n\n\n\n<p><a rel=\"noreferrer noopener\" href=\"https:\/\/serenatahostel.com\/\" data-type=\"URL\" data-id=\"https:\/\/serenatahostel.com\/\" target=\"_blank\">Website<\/a><\/p>\n\n\n\n<p><a rel=\"noreferrer noopener\" href=\"https:\/\/maps.app.goo.gl\/vdCCE6zdVNy912Xi8\" data-type=\"URL\" data-id=\"https:\/\/maps.app.goo.gl\/vdCCE6zdVNy912Xi8\" target=\"_blank\">Ver Mapa<\/a><\/p>\n\n\n\n<p><strong>Alojamento Local Duarte&#8217;s<\/strong> <\/p>\n\n\n\n<p>R. Castro Matoso n\u00ba4, 3000-104 Coimbra | (+351) 239051403<\/p>\n\n\n\n<p><a href=\"https:\/\/www.alojamentolocalduartes.com\/\" data-type=\"URL\" data-id=\"https:\/\/www.alojamentolocalduartes.com\/\" target=\"_blank\" rel=\"noreferrer noopener\">Website<\/a><\/p>\n\n\n\n<p><a href=\"https:\/\/maps.app.goo.gl\/GVXnXGistRmhStGY7\" data-type=\"URL\" data-id=\"https:\/\/maps.app.goo.gl\/GVXnXGistRmhStGY7\" target=\"_blank\" rel=\"noreferrer noopener\">Ver Mapa<\/a><\/p>\n","protected":false},"excerpt":{"rendered":"<p>O alojamento em Coimbra e diverso aqui encontra algumas sugest\u00f5es, mas pode recorrer tamb\u00e9m a muitas outras ofertas dispon\u00edveis em plataformas online. Vila Gal\u00e9\u00a0\u00a0(4 estrelas) Rua Abel Dias Urbano, 20, 3000-001 Coimbra | (+351) 239 240 000 Website Ver mapa Dona In\u00eas\u00a0(3 estrelas) Rua Abel Dias Urbano, 12, 3000-001 Coimbra | (+351) 239 855 800 [&hellip;]<\/p>\n","protected":false},"author":3,"featured_media":0,"parent":0,"menu_order":0,"comment_status":"closed","ping_status":"closed","template":"","meta":[],"_links":{"self":[{"href":"https:\/\/congresogeogebra.org\/index.php\/wp-json\/wp\/v2\/pages\/1543"}],"collection":[{"href":"https:\/\/congresogeogebra.org\/index.php\/wp-json\/wp\/v2\/pages"}],"about":[{"href":"https:\/\/congresogeogebra.org\/index.php\/wp-json\/wp\/v2\/types\/page"}],"author":[{"embeddable":true,"href":"https:\/\/congresogeogebra.org\/index.php\/wp-json\/wp\/v2\/users\/3"}],"replies":[{"embeddable":true,"href":"https:\/\/congresogeogebra.org\/index.php\/wp-json\/wp\/v2\/comments?post=1543"}],"version-history":[{"count":3,"href":"https:\/\/congresogeogebra.org\/index.php\/wp-json\/wp\/v2\/pages\/1543\/revisions"}],"predecessor-version":[{"id":1549,"href":"https:\/\/congresogeogebra.org\/index.php\/wp-json\/wp\/v2\/pages\/1543\/revisions\/1549"}],"wp:attachment":[{"href":"https:\/\/congresogeogebra.org\/index.php\/wp-json\/wp\/v2\/media?parent=1543"}],"curies":[{"name":"wp","href":"https:\/\/api.w.org\/{rel}","templated":true}]}}