{"id":1550,"date":"2025-01-23T20:28:37","date_gmt":"2025-01-23T18:28:37","guid":{"rendered":"https:\/\/congresogeogebra.org\/?page_id=1550"},"modified":"2025-01-23T20:38:55","modified_gmt":"2025-01-23T18:38:55","slug":"alojamiento-2","status":"publish","type":"page","link":"https:\/\/congresogeogebra.org\/index.php\/alojamiento-2\/","title":{"rendered":"Alojamiento"},"content":{"rendered":"\n<p>El alojamiento en Co\u00edmbra es variado. Aqu\u00ed encontrar\u00e1 algunas sugerencias, pero tambi\u00e9n puede recurrir a muchas otras opciones disponibles en plataformas online.<\/p>\n\n\n\n<p><strong>Vila Gal\u00e9<\/strong>&nbsp;<strong>(4 estrellas)<\/strong><\/p>\n\n\n\n<p>Calle Abel Dias Urbano, 20, 3000-001 Co\u00edmbra | (+351) 239 240 000<\/p>\n\n\n\n<p><a href=\"https:\/\/reservas.vilagale.com\/engine\/search\" target=\"_blank\" rel=\"noreferrer noopener\">Sitio web<\/a><\/p>\n\n\n\n<p><a href=\"https:\/\/maps.app.goo.gl\/2HnDAUmDcFjqcwCfA\" target=\"_blank\" rel=\"noreferrer noopener\">Ver mapa<\/a><\/p>\n\n\n\n<p><strong>Dona In\u00eas<\/strong>&nbsp;<strong>(3 estrellas)<\/strong><\/p>\n\n\n\n<p>Calle Abel Dias Urbano, 12, 3000-001 Co\u00edmbra | (+351) 239 855 800<\/p>\n\n\n\n<p><a href=\"https:\/\/www.donaines.pt\/\" target=\"_blank\" rel=\"noreferrer noopener\">Sitio web<\/a><\/p>\n\n\n\n<p><a href=\"https:\/\/maps.app.goo.gl\/AgUQMrGw5K3ofcvK7\" target=\"_blank\" rel=\"noreferrer noopener\">Ver mapa<\/a><\/p>\n\n\n\n<p><strong>Ibis Coimbra Centro<\/strong>&nbsp;<strong>(2 estrellas)<\/strong><\/p>\n\n\n\n<p>Avenida Em\u00eddio Navarro, n\u00ba70, Edificio Top\u00e1zio, 3000-150 Co\u00edmbra | (+351) 239 852 130<\/p>\n\n\n\n<p><a href=\"https:\/\/all.accor.com\/hotel\/1672\/index.pt.shtml?dateIn=&amp;nights=&amp;compositions=1&amp;stayplus=false&amp;snu=false#origin=ibis\" target=\"_blank\" rel=\"noreferrer noopener\">Sitio web<\/a><\/p>\n\n\n\n<p><a href=\"https:\/\/maps.app.goo.gl\/eDsFqEmCfpZSd81T7\" target=\"_blank\" rel=\"noreferrer noopener\">Ver mapa<\/a><\/p>\n\n\n\n<p><strong>Hotel D. Lu\u00eds<\/strong>&nbsp;<strong>(3 estrellas)<\/strong><\/p>\n\n\n\n<p>Rotonda Puente Rainha Santa Isabel, Santa Clara, 3040-091 Co\u00edmbra | (+351) 239 802 120<\/p>\n\n\n\n<p><a href=\"https:\/\/www.hoteldluis.pt\/\" target=\"_blank\" rel=\"noreferrer noopener\">Sitio web<\/a><\/p>\n\n\n\n<p><a href=\"https:\/\/maps.app.goo.gl\/NbHSN578CwQFMHoD9\" target=\"_blank\" rel=\"noreferrer noopener\">Ver mapa<\/a><\/p>\n\n\n\n<p><strong>Quinta das L\u00e1grimas<\/strong>&nbsp;<strong>(5 estrellas)<\/strong><\/p>\n\n\n\n<p>Calle Ant\u00f3nio Augusto Gon\u00e7alves, 3041-901 Co\u00edmbra | (+351) 239 802 380<\/p>\n\n\n\n<p><a href=\"https:\/\/www.quintadaslagrimas.pt\/pt\/?gclid=Cj0KCQjwpcOTBhCZARIsAEAYLuWfy2cJzquKuahlnnVrbjxTRyi5UXvLLCuS-RY9_wVZptok-8IqESMaAkEpEALw_wcB\" target=\"_blank\" rel=\"noreferrer noopener\">Sitio web<\/a><\/p>\n\n\n\n<p><a href=\"https:\/\/maps.app.goo.gl\/RaetXqxa8Qg9BvDs6\" target=\"_blank\" rel=\"noreferrer noopener\">Ver mapa<\/a><\/p>\n\n\n\n<p><strong>Sapientia Books &amp; Wine Hotel<\/strong>&nbsp;<strong>(4 estrellas)<\/strong><\/p>\n\n\n\n<p>Calle Jos\u00e9 Falc\u00e3o, n\u00ba4, 3000-062 Co\u00edmbra | (+351) 239 151 803<\/p>\n\n\n\n<p><a href=\"http:\/\/www.sapientiahotel.com\/\" target=\"_blank\" rel=\"noreferrer noopener\">Sitio web<\/a><\/p>\n\n\n\n<p><a href=\"https:\/\/maps.app.goo.gl\/MWytNSqT9PtCd1jK9\" target=\"_blank\" rel=\"noreferrer noopener\">Ver mapa<\/a><\/p>\n\n\n\n<p><strong>Tivoli Coimbra Hotel<\/strong>&nbsp;<strong>(4 estrellas)<\/strong><\/p>\n\n\n\n<p>Calle Jo\u00e3o Machado, n\u00ba4, 3000-226 Co\u00edmbra | (+351) 239 858 300<\/p>\n\n\n\n<p><a href=\"https:\/\/www.tivolihotels.com\/pt\/tivoli-coimbra\" target=\"_blank\" rel=\"noreferrer noopener\">Sitio web<\/a><\/p>\n\n\n\n<p><a href=\"https:\/\/maps.app.goo.gl\/D3g4ZyY57bbVFENx8\" target=\"_blank\" rel=\"noreferrer noopener\">Ver mapa<\/a><\/p>\n\n\n\n<p><strong>Hotel Oslo<\/strong>&nbsp;<strong>(3 estrellas)<\/strong><\/p>\n\n\n\n<p>Avenida Fern\u00e3o de Magalh\u00e3es, n\u00ba25, 3000-175 Co\u00edmbra | (+351) 239 829 071<\/p>\n\n\n\n<p><a href=\"http:\/\/www.hoteloslo-coimbra.pt\/\" target=\"_blank\" rel=\"noreferrer noopener\">Sitio web<\/a><\/p>\n\n\n\n<p><a href=\"https:\/\/maps.app.goo.gl\/CuD2u3w5XM8JGeeM8\" target=\"_blank\" rel=\"noreferrer noopener\">Ver mapa<\/a><\/p>\n\n\n\n<p><strong>Riversuites<\/strong><\/p>\n\n\n\n<p>Avenida Jo\u00e3o das Regras, n\u00ba82, 3040-256 Co\u00edmbra | (+351) 239 440 582<\/p>\n\n\n\n<p><a href=\"https:\/\/www.riversuites.pt\/pt\/index.html\">Sitio web<\/a><\/p>\n\n\n\n<p><a href=\"https:\/\/maps.app.goo.gl\/u4fEApbZDbSpM7Mn7\" target=\"_blank\" rel=\"noreferrer noopener\">Ver mapa<\/a><\/p>\n\n\n\n<p><strong>Coimbra City Charm<\/strong><\/p>\n\n\n\n<p>Calle de las Padeiras, n\u00ba34, 3000-310 Co\u00edmbra | (+351) 913 489 001<\/p>\n\n\n\n<p><a href=\"https:\/\/coimbracitycharm.com\/\" target=\"_blank\" rel=\"noreferrer noopener\">Sitio web<\/a><\/p>\n\n\n\n<p><a href=\"https:\/\/maps.app.goo.gl\/t9zSB7JEGmW2eQU66\" target=\"_blank\" rel=\"noreferrer noopener\">Ver mapa<\/a><\/p>\n\n\n\n<p><strong>Stay Hotel Coimbra<\/strong><\/p>\n\n\n\n<p>Avenida Fern\u00e3o de Magalh\u00e3es, n\u00ba199, 3000-176 Co\u00edmbra | (+351) 239 855 500<\/p>\n\n\n\n<p><a href=\"https:\/\/www.stayhotels.pt\/coimbra-centro\/\" target=\"_blank\" rel=\"noreferrer noopener\">Sitio web<\/a><\/p>\n\n\n\n<p><a href=\"https:\/\/www.google.com\/maps\/place\/Av.+Fern%C3%A3o+de+Magalh%C3%A3es+199,+3000-176+Coimbra\/@40.2116297,-8.4352622,17z\/data=!3m1!4b1!4m5!3m4!1s0xd22f904392b9327:0x8851bad431cc7a04!8m2!3d40.2116297!4d-8.4330735\" target=\"_blank\" rel=\"noreferrer noopener\">Ver mapa<\/a><\/p>\n\n\n\n<p><strong>Hotel Ast\u00f3ria<\/strong>&nbsp;<strong>(3 estrellas)<\/strong><\/p>\n\n\n\n<p>Avenida Em\u00eddio Navarro, n\u00ba21, 3000-150 Co\u00edmbra | (+351) 239 853 020<\/p>\n\n\n\n<p><a href=\"http:\/\/www.almeidahotels.pt\/\" target=\"_blank\" rel=\"noreferrer noopener\">Sitio web<\/a><\/p>\n\n\n\n<p><a href=\"https:\/\/maps.app.goo.gl\/GVg9Ach2W867UkL28\" target=\"_blank\" rel=\"noreferrer noopener\">Ver mapa<\/a><\/p>\n\n\n\n<p><strong>Serenata Hotel &amp; Hostel Coimbra<\/strong>&nbsp;<strong>(2 estrellas)<\/strong><\/p>\n\n\n\n<p>Plaza da S\u00e9 Velha, n\u00ba21-23, 3000-383 Co\u00edmbra | (+351) 931 920 121<\/p>\n\n\n\n<p><a href=\"https:\/\/serenatahostel.com\/\" target=\"_blank\" rel=\"noreferrer noopener\">Sitio web<\/a><\/p>\n\n\n\n<p><a href=\"https:\/\/maps.app.goo.gl\/vdCCE6zdVNy912Xi8\" target=\"_blank\" rel=\"noreferrer noopener\">Ver mapa<\/a><\/p>\n\n\n\n<p><strong>Alojamiento Local Duarte\u2019s<\/strong><\/p>\n\n\n\n<p>Calle Castro Matoso, n\u00ba4, 3000-104 Co\u00edmbra | (+351) 239 051 403<\/p>\n\n\n\n<p><a href=\"https:\/\/www.alojamentolocalduartes.com\/\" target=\"_blank\" rel=\"noreferrer noopener\">Sitio web<\/a><\/p>\n\n\n\n<p><a href=\"https:\/\/maps.app.goo.gl\/GVXnXGistRmhStGY7\" target=\"_blank\" rel=\"noreferrer noopener\">Ver mapa<\/a><\/p>\n","protected":false},"excerpt":{"rendered":"<p>El alojamiento en Co\u00edmbra es variado. Aqu\u00ed encontrar\u00e1 algunas sugerencias, pero tambi\u00e9n puede recurrir a muchas otras opciones disponibles en plataformas online. Vila Gal\u00e9&nbsp;(4 estrellas) Calle Abel Dias Urbano, 20, 3000-001 Co\u00edmbra | (+351) 239 240 000 Sitio web Ver mapa Dona In\u00eas&nbsp;(3 estrellas) Calle Abel Dias Urbano, 12, 3000-001 Co\u00edmbra | (+351) 239 855 [&hellip;]<\/p>\n","protected":false},"author":3,"featured_media":0,"parent":0,"menu_order":0,"comment_status":"closed","ping_status":"closed","template":"","meta":[],"_links":{"self":[{"href":"https:\/\/congresogeogebra.org\/index.php\/wp-json\/wp\/v2\/pages\/1550"}],"collection":[{"href":"https:\/\/congresogeogebra.org\/index.php\/wp-json\/wp\/v2\/pages"}],"about":[{"href":"https:\/\/congresogeogebra.org\/index.php\/wp-json\/wp\/v2\/types\/page"}],"author":[{"embeddable":true,"href":"https:\/\/congresogeogebra.org\/index.php\/wp-json\/wp\/v2\/users\/3"}],"replies":[{"embeddable":true,"href":"https:\/\/congresogeogebra.org\/index.php\/wp-json\/wp\/v2\/comments?post=1550"}],"version-history":[{"count":3,"href":"https:\/\/congresogeogebra.org\/index.php\/wp-json\/wp\/v2\/pages\/1550\/revisions"}],"predecessor-version":[{"id":1556,"href":"https:\/\/congresogeogebra.org\/index.php\/wp-json\/wp\/v2\/pages\/1550\/revisions\/1556"}],"wp:attachment":[{"href":"https:\/\/congresogeogebra.org\/index.php\/wp-json\/wp\/v2\/media?parent=1550"}],"curies":[{"name":"wp","href":"https:\/\/api.w.org\/{rel}","templated":true}]}}