{"id":1896,"date":"2025-04-11T11:04:00","date_gmt":"2025-04-11T09:04:00","guid":{"rendered":"https:\/\/congresogeogebra.org\/?page_id=1896"},"modified":"2025-10-22T16:12:39","modified_gmt":"2025-10-22T14:12:39","slug":"informacoes","status":"publish","type":"page","link":"https:\/\/congresogeogebra.org\/index.php\/pt\/informacoes\/","title":{"rendered":"Informa\u00e7\u00f5es"},"content":{"rendered":"\n<p><img loading=\"lazy\" width=\"1258\" height=\"935\" class=\"wp-image-1918\" style=\"width: 500px;\" src=\"http:\/\/congresogeogebra.org\/wp-content\/uploads\/2025\/04\/mapa_fotos.0011-1.jpeg\" alt=\"\" srcset=\"https:\/\/congresogeogebra.org\/wp-content\/uploads\/2025\/04\/mapa_fotos.0011-1.jpeg 1258w, https:\/\/congresogeogebra.org\/wp-content\/uploads\/2025\/04\/mapa_fotos.0011-1-300x223.jpeg 300w, https:\/\/congresogeogebra.org\/wp-content\/uploads\/2025\/04\/mapa_fotos.0011-1-1024x761.jpeg 1024w, https:\/\/congresogeogebra.org\/wp-content\/uploads\/2025\/04\/mapa_fotos.0011-1-768x571.jpeg 768w\" sizes=\"(max-width: 1258px) 100vw, 1258px\" \/> <\/p>\n\n\n\n<p>11\/04\/2025 &#8211; Abertura da p\u00e1gina web e in\u00edcio das inscri\u00e7\u00f5es<br>15\/09\/2025 &#8211; O prazo de inscri\u00e7\u00e3o reduzida foi prorrogado at\u00e9 30 de setembro, podendo ser realizada com agravamento da taxa de inscri\u00e7\u00e3o at\u00e9 15 de outubro.<br>22\/10\/2025 &#8211; Publica\u00e7\u00e3o do Programa Final.<\/p>\n","protected":false},"excerpt":{"rendered":"<p>11\/04\/2025 &#8211; Abertura da p\u00e1gina web e in\u00edcio das inscri\u00e7\u00f5es15\/09\/2025 &#8211; O prazo de inscri\u00e7\u00e3o reduzida foi prorrogado at\u00e9 30 de setembro, podendo ser realizada com agravamento da taxa de inscri\u00e7\u00e3o at\u00e9 15 de outubro.22\/10\/2025 &#8211; Publica\u00e7\u00e3o do Programa Final.<\/p>\n","protected":false},"author":3,"featured_media":0,"parent":0,"menu_order":0,"comment_status":"closed","ping_status":"closed","template":"","meta":[],"_links":{"self":[{"href":"https:\/\/congresogeogebra.org\/index.php\/wp-json\/wp\/v2\/pages\/1896"}],"collection":[{"href":"https:\/\/congresogeogebra.org\/index.php\/wp-json\/wp\/v2\/pages"}],"about":[{"href":"https:\/\/congresogeogebra.org\/index.php\/wp-json\/wp\/v2\/types\/page"}],"author":[{"embeddable":true,"href":"https:\/\/congresogeogebra.org\/index.php\/wp-json\/wp\/v2\/users\/3"}],"replies":[{"embeddable":true,"href":"https:\/\/congresogeogebra.org\/index.php\/wp-json\/wp\/v2\/comments?post=1896"}],"version-history":[{"count":7,"href":"https:\/\/congresogeogebra.org\/index.php\/wp-json\/wp\/v2\/pages\/1896\/revisions"}],"predecessor-version":[{"id":2107,"href":"https:\/\/congresogeogebra.org\/index.php\/wp-json\/wp\/v2\/pages\/1896\/revisions\/2107"}],"wp:attachment":[{"href":"https:\/\/congresogeogebra.org\/index.php\/wp-json\/wp\/v2\/media?parent=1896"}],"curies":[{"name":"wp","href":"https:\/\/api.w.org\/{rel}","templated":true}]}}