{"id":204,"date":"2019-11-27T18:18:12","date_gmt":"2019-11-27T16:18:12","guid":{"rendered":"http:\/\/geogebra.fespm.es\/?page_id=204"},"modified":"2025-06-26T17:33:10","modified_gmt":"2025-06-26T15:33:10","slug":"plazos-y-normas","status":"publish","type":"page","link":"https:\/\/congresogeogebra.org\/index.php\/plazos-y-normas\/","title":{"rendered":"Plazos y normas"},"content":{"rendered":"<style>.page-header-content{background:transparent !important;vertical-align: bottom;}header.sabbi-page-header{min-height: 2.5vw !important;height: 2.5vw !important;}<\/style>\n\n\n<b>Normas y plazos:<\/b>\n<ul>\n<li>El plazo para la presentaci\u00f3n de trabajos&nbsp; finaliza el 30 de junio&nbsp; de 2025.<\/li><li>Todas las notificaciones sobre la\nevaluaci\u00f3n por parte del comit\u00e9 cient\u00edfico de los trabajos presentados se\nrealizar\u00e1n por parte de la organizaci\u00f3n antes del 31 de julio de 2025.<\/li><li>El m\u00e1ximo de autores que puede firmar un\ntrabajo ser\u00e1 cuatro.<\/li><li>Los autores dispondr\u00e1n hasta el 15 de septiembre\nde 2025 para realizar el pago de la inscripci\u00f3n, en caso de no haberlo hecho\ncon antelaci\u00f3n.<\/li><li>Para la aceptaci\u00f3n definitiva de un\ntrabajo ser\u00e1 necesario que al menos la mitad de los autores est\u00e9n\ninscritos en el congreso (si el trabajo est\u00e1 firmado por tres autores, al menos\ndos deber\u00e1n estar inscritos en el congreso).<\/li><\/ul>\n\n\n\n<p>Los autores en la modalidad de comunicaci\u00f3n o p\u00f3ster podr\u00e1n enviar para su evaluaci\u00f3n por parte del comit\u00e9 cient\u00edfico un resumen o resumen extendido, &nbsp;con un m\u00ednimo de 250 palabras y un m\u00e1ximo de cuatro p\u00e1ginas.<\/p>\n\n\n\n<p>Los trabajos deben presentarse en espa\u00f1ol, ingl\u00e9s o portugu\u00e9s.<\/p>\n\n\n\n<p>Los trabajos se enviar\u00e1n a <a href=\"mailto:iicig-coimbra@mat.uc.pt\"><strong>iicig-coimbra@mat.uc.pt<\/strong><\/a><\/p>\n\n\n\n<p>Una vez celebrado el congreso, los trabajos aceptados se podr\u00e1n publicar en las actas, si el autor lo desea, para lo que enviar\u00e1n el texto definitivo, de acuerdo con las caracter\u00edsticas del archivo establecidas en el siguiente modelo <strong><a href=\"http:\/\/congresogeogebra.org\/wp-content\/uploads\/2025\/01\/plantillaGG_ES_2025.doc\">haga c<\/a><\/strong><strong><a href=\"http:\/\/congresogeogebra.org\/wp-content\/uploads\/2025\/01\/plantillaGG_ES_2025.doc\">lic<\/a><a href=\"http:\/\/congresogeogebra.org\/wp-content\/uploads\/2025\/01\/plantillaGG_ES_2025.doc\"> aqui<\/a><\/strong>, teniendo en cuenta los aspectos siguientes:<\/p>\n\n\n\n<ul><li>Gr\u00e1ficas o ilustraciones: insertas en el cuerpo del trabajo en el lugar que corresponda.<\/li><li>Referencias bibliogr\u00e1ficas: se especificar\u00e1n al final del trabajo (sin exceder las 8 p\u00e1ginas totales). Se ordenar\u00e1n alfab\u00e9ticamente por apellido de los autores, siguiendo el formato APA (<a href=\"https:\/\/normas-apa.org\/wp-content\/uploads\/Guia-Normas-APA-7ma-edicion.pdf\">Versi\u00f3n 7<\/a>).<\/li><\/ul>\n\n\n\n<p>Las actas se publicar\u00e1n de forma online con su correspondiente n\u00famero de ISBN.<\/p>\n\n\n\n<p><strong>Los trabajos no podr\u00e1n tener un peso superior a 10 MB. En caso de superar este tama\u00f1o es conveniente contactar con la organizaci\u00f3n.<\/strong><\/p>\n\n\n\n<p><strong>Para cualquier consulta se puede contactar con <a href=\"mailto:iicig-coimbra@mat.uc.pt\">iicig-coimbra@mat.uc.pt<\/a> <\/strong><\/p>\n","protected":false},"excerpt":{"rendered":"<p>Normas y plazos: El plazo para la presentaci\u00f3n de trabajos&nbsp; finaliza el 30 de junio&nbsp; de 2025. Todas las notificaciones sobre la evaluaci\u00f3n por parte del comit\u00e9 cient\u00edfico de los trabajos presentados se realizar\u00e1n por parte de la organizaci\u00f3n antes del 31 de julio de 2025. El m\u00e1ximo de autores que puede firmar un trabajo [&hellip;]<\/p>\n","protected":false},"author":1,"featured_media":0,"parent":0,"menu_order":0,"comment_status":"closed","ping_status":"closed","template":"","meta":[],"_links":{"self":[{"href":"https:\/\/congresogeogebra.org\/index.php\/wp-json\/wp\/v2\/pages\/204"}],"collection":[{"href":"https:\/\/congresogeogebra.org\/index.php\/wp-json\/wp\/v2\/pages"}],"about":[{"href":"https:\/\/congresogeogebra.org\/index.php\/wp-json\/wp\/v2\/types\/page"}],"author":[{"embeddable":true,"href":"https:\/\/congresogeogebra.org\/index.php\/wp-json\/wp\/v2\/users\/1"}],"replies":[{"embeddable":true,"href":"https:\/\/congresogeogebra.org\/index.php\/wp-json\/wp\/v2\/comments?post=204"}],"version-history":[{"count":33,"href":"https:\/\/congresogeogebra.org\/index.php\/wp-json\/wp\/v2\/pages\/204\/revisions"}],"predecessor-version":[{"id":2000,"href":"https:\/\/congresogeogebra.org\/index.php\/wp-json\/wp\/v2\/pages\/204\/revisions\/2000"}],"wp:attachment":[{"href":"https:\/\/congresogeogebra.org\/index.php\/wp-json\/wp\/v2\/media?parent=204"}],"curies":[{"name":"wp","href":"https:\/\/api.w.org\/{rel}","templated":true}]}}