{"id":222,"date":"2019-11-30T14:24:33","date_gmt":"2019-11-30T12:24:33","guid":{"rendered":"http:\/\/congresogeogebra.org\/?page_id=222"},"modified":"2025-05-04T20:35:41","modified_gmt":"2025-05-04T18:35:41","slug":"comite-organizador","status":"publish","type":"page","link":"https:\/\/congresogeogebra.org\/index.php\/comite-organizador\/","title":{"rendered":"Comit\u00e9 Organizador"},"content":{"rendered":"\n<p class=\"has-medium-font-size\"><strong>Comit\u00e9 organizador<\/strong><\/p>\n\n\n\n<figure class=\"wp-block-table\"><table><tbody><tr><td>Agustin Carrillo De Albornoz y Torres<\/td><td>Federaci\u00f3n Espa\u00f1ola de Sociedades de Profesores de Matem\u00e1ticas<\/td><\/tr><tr><td>Alexandre Emanuel Batista da Silva Trocado<\/td><td>Colegio Cam\u00f5es<\/td><\/tr><tr><td>Daniel Marques Pinto&nbsp;<\/td><td>Universidad de Co\u00edmbra<\/td><\/tr><tr><td>Joana Teles&nbsp;<\/td><td>Universidad de Co\u00edmbra<\/td><\/tr><tr><td>Jos\u00e9 Manuel Dos Santos Dos Santos<\/td><td>Universidad de Co\u00edmbra<\/td><\/tr><tr><td>Jos\u00e9 Mar\u00eda Chac\u00f3n \u00cd\u00f1igo<\/td><td>Sociedad Andaluza de Educaci\u00f3n Matem\u00e1tica Thales<\/td><\/tr><tr><td>Juan Antonio Reyes Delgado<\/td><td>Sociedad Andaluza de Educaci\u00f3n Matem\u00e1tica Thales<\/td><\/tr><tr><td>Marcio Almeida<\/td><td>Instituto Federal de S\u00e3o Paulo<\/td><\/tr><tr><td>Paulo Correia<\/td><td>Escuela Secundaria de Alc\u00e1cer do Sal<\/td><\/tr><\/tbody><\/table><\/figure>\n\n\n\n<p class=\"has-medium-font-size\"><strong>Comit\u00e9 local de apoyo<\/strong><\/p>\n\n\n\n<figure class=\"wp-block-table\"><table><tbody><tr><td><strong>Estudiantes del M\u00e1ster en Ense\u00f1anza de las Matem\u00e1ticas para el 3.\u00ba Ciclo y Secundaria<\/strong><\/td><\/tr><tr><td>Beatriz Ester Marques Preto<\/td><\/tr><tr><td>Jo\u00e3o Manuel Daniel da Silva&nbsp;<\/td><\/tr><tr><td>Jos\u00e9 Ernesto G\u00e2ndara Lucas<\/td><\/tr><tr><td>Mafalda Neves Pena de Morais Sarmento<\/td><\/tr><tr><td>Manuel Pizarro<\/td><\/tr><tr><td>T\u00e2nia Sofia Riqueza da Silva Monteiro<\/td><\/tr><tr><td>Teresa Pereira Freitas<\/td><\/tr><\/tbody><\/table><\/figure>\n","protected":false},"excerpt":{"rendered":"<p>Comit\u00e9 organizador Agustin Carrillo De Albornoz y Torres Federaci\u00f3n Espa\u00f1ola de Sociedades de Profesores de Matem\u00e1ticas Alexandre Emanuel Batista da Silva Trocado Colegio Cam\u00f5es Daniel Marques Pinto&nbsp; Universidad de Co\u00edmbra Joana Teles&nbsp; Universidad de Co\u00edmbra Jos\u00e9 Manuel Dos Santos Dos Santos Universidad de Co\u00edmbra Jos\u00e9 Mar\u00eda Chac\u00f3n \u00cd\u00f1igo Sociedad Andaluza de Educaci\u00f3n Matem\u00e1tica Thales Juan [&hellip;]<\/p>\n","protected":false},"author":1,"featured_media":0,"parent":0,"menu_order":0,"comment_status":"closed","ping_status":"closed","template":"","meta":[],"_links":{"self":[{"href":"https:\/\/congresogeogebra.org\/index.php\/wp-json\/wp\/v2\/pages\/222"}],"collection":[{"href":"https:\/\/congresogeogebra.org\/index.php\/wp-json\/wp\/v2\/pages"}],"about":[{"href":"https:\/\/congresogeogebra.org\/index.php\/wp-json\/wp\/v2\/types\/page"}],"author":[{"embeddable":true,"href":"https:\/\/congresogeogebra.org\/index.php\/wp-json\/wp\/v2\/users\/1"}],"replies":[{"embeddable":true,"href":"https:\/\/congresogeogebra.org\/index.php\/wp-json\/wp\/v2\/comments?post=222"}],"version-history":[{"count":13,"href":"https:\/\/congresogeogebra.org\/index.php\/wp-json\/wp\/v2\/pages\/222\/revisions"}],"predecessor-version":[{"id":1986,"href":"https:\/\/congresogeogebra.org\/index.php\/wp-json\/wp\/v2\/pages\/222\/revisions\/1986"}],"wp:attachment":[{"href":"https:\/\/congresogeogebra.org\/index.php\/wp-json\/wp\/v2\/media?parent=222"}],"curies":[{"name":"wp","href":"https:\/\/api.w.org\/{rel}","templated":true}]}}