{"id":33,"date":"2019-10-19T20:11:08","date_gmt":"2019-10-19T18:11:08","guid":{"rendered":"http:\/\/geogebra.fespm.es\/?page_id=33"},"modified":"2025-07-02T20:55:17","modified_gmt":"2025-07-02T18:55:17","slug":"inscripcion","status":"publish","type":"page","link":"https:\/\/congresogeogebra.org\/index.php\/inscripcion\/","title":{"rendered":"Formulario de Inscripci\u00f3n"},"content":{"rendered":"<style>.page-header-content{background:transparent !important;vertical-align: bottom;}header.sabbi-page-header{min-height: 2.5vw !important;height: 2.5vw !important;}<\/style>\n\n\nPara inscribirse, los participantes deben completar el formulario siguiente. Adem\u00e1s, los participantes que deseen presentar alguna comunicaci\u00f3n deber\u00e1n rellenar el formulario <a href=\"\/index.php\/presentacion-de-trabajos\/\"><b>Presentaci\u00f3n de trabajos<\/b><\/a>.\n<!-- <br><br>-->\n<iframe loading=\"lazy\" src=\"https:\/\/docs.google.com\/forms\/d\/e\/1FAIpQLSeYm06G9OnSAJ20CPH3T_eaWNvDLnUJUhu67rC5F0qOIxXQsQ\/viewform?embedded=true\" width=\"640\" height=\"1449\" frameborder=\"0\" marginheight=\"0\" marginwidth=\"0\">A carregar\u2026<\/iframe>\n","protected":false},"excerpt":{"rendered":"<p>Para inscribirse, los participantes deben completar el formulario siguiente. Adem\u00e1s, los participantes que deseen presentar alguna comunicaci\u00f3n deber\u00e1n rellenar el formulario Presentaci\u00f3n de trabajos. A carregar\u2026<\/p>\n","protected":false},"author":1,"featured_media":0,"parent":0,"menu_order":0,"comment_status":"closed","ping_status":"closed","template":"","meta":[],"_links":{"self":[{"href":"https:\/\/congresogeogebra.org\/index.php\/wp-json\/wp\/v2\/pages\/33"}],"collection":[{"href":"https:\/\/congresogeogebra.org\/index.php\/wp-json\/wp\/v2\/pages"}],"about":[{"href":"https:\/\/congresogeogebra.org\/index.php\/wp-json\/wp\/v2\/types\/page"}],"author":[{"embeddable":true,"href":"https:\/\/congresogeogebra.org\/index.php\/wp-json\/wp\/v2\/users\/1"}],"replies":[{"embeddable":true,"href":"https:\/\/congresogeogebra.org\/index.php\/wp-json\/wp\/v2\/comments?post=33"}],"version-history":[{"count":24,"href":"https:\/\/congresogeogebra.org\/index.php\/wp-json\/wp\/v2\/pages\/33\/revisions"}],"predecessor-version":[{"id":2007,"href":"https:\/\/congresogeogebra.org\/index.php\/wp-json\/wp\/v2\/pages\/33\/revisions\/2007"}],"wp:attachment":[{"href":"https:\/\/congresogeogebra.org\/index.php\/wp-json\/wp\/v2\/media?parent=33"}],"curies":[{"name":"wp","href":"https:\/\/api.w.org\/{rel}","templated":true}]}}