{"id":443,"date":"2020-01-12T14:10:23","date_gmt":"2020-01-12T12:10:23","guid":{"rendered":"http:\/\/congresogeogebra.org\/?page_id=443"},"modified":"2023-10-03T09:05:41","modified_gmt":"2023-10-03T07:05:41","slug":"schedule","status":"publish","type":"page","link":"https:\/\/congresogeogebra.org\/index.php\/en\/schedule\/","title":{"rendered":"Schedule"},"content":{"rendered":"\n<figure class=\"wp-block-table\"><table><tbody><tr><td><strong>TIME<\/strong><\/td><td><strong>November 9 <\/strong><\/td><td><strong><strong>November <\/strong>10<\/strong><\/td><td><strong>November 11<\/strong><\/td><td><strong>November 12<\/strong><\/td><\/tr><tr><td><strong>9,00<\/strong><\/td><td>&nbsp;<\/td><td><strong>Conference<\/strong>\u00a0 <br>\u00a0<em>Jos\u00e9 Manuel Arranz<\/em> \u00a0<br> \u201cGeoGebra y los tres problemas cl\u00e1sicos\u201d \u00a0<br><br><em>Diego Lieb\u00e1n<\/em> \u00a0<br>\u201cGeoGebra para el desarrollo del pensamiento espacial y combinatorio: posibilidades con recursos digitales y f\u00edsicos\u201d<\/td><td><strong><strong>Conferenc<\/strong>e &nbsp;<\/strong><br>Equipo GG Internacional <em>Melanie Tomaschko<\/em> &nbsp; \u201cGeoGebra Apps\u201d &nbsp; &nbsp;  &nbsp;<br> <em>Tanja Wassermair<\/em> &nbsp; \u201cMath Solver &amp; GeoGebra Classroom\u201d<br>\u201cGeoGebra Teaching Resources\u201d &nbsp; &nbsp;<\/td><td><br><\/td><\/tr><tr><td><strong>10,00<\/strong><\/td><td>&nbsp;<\/td><td>Communications<\/td><td>Communications<\/td><td>Communications<\/td><\/tr><tr><td><strong>11,00<\/strong><\/td><td>Accreditations<\/td><td>Communications<\/td><td>Communications<br>P\u00f3sters<br><br>GeoGebra Societies and Institutes Meeting<\/td><td><strong>Conferencia<\/strong> <em>Laura del R\u00edo<\/em> &nbsp; \u201cMicrojuegos a la GeoGebra\u201d<\/td><\/tr><tr><td><strong>12,00<\/strong><\/td><td>Accreditations<\/td><td>Pausa<\/td><td>Pausa<\/td><td>Pausa<\/td><\/tr><tr><td><strong>12,30<\/strong><\/td><td>Accreditations<\/td><td><strong><strong>Conferenc<\/strong>e &nbsp;<\/strong><br><em>Celina Aparecida Almeida Pereira Abar<\/em> &nbsp; \u201cUma formac\u00e3o continuada de professores para a utiliza\u00e7\u00e3o do GeoGebra Discovery no estudo da geometr\u00eda plana\u201d<\/td><td><strong><strong>Conferenc<\/strong>e <\/strong><br><br>Zsolt Lavicsa<br><em>\u00ab<\/em>Technological and Pedagogical Innovations to advance STEAM Education\u00bb<br><\/td><td><strong><strong>Conferenc<\/strong>e &nbsp;<\/strong><br><em>Rafael Losada Liste<\/em> &nbsp; \u201cGeoGebra Principia\u201d<\/td><\/tr><tr><td><strong>13,30<\/strong><\/td><td>&nbsp;<\/td><td>End of session<\/td><td>End of session<\/td><td>Closing<\/td><\/tr><tr><td><strong>16,00<\/strong><\/td><td>Opening<\/td><td><strong>Conferences<\/strong>: &nbsp;<br> <em>Karina Rizzo<\/em> &nbsp; \u201cFotoGebra como una oportunidad para abordar los retos en la ense\u00f1anza y aprendizaje de la matem\u00e1tica, en la era digital\u201d &nbsp; <em>Jos\u00e9 Luis Mu\u00f1oz Casado<\/em> &nbsp; \u201cExplorando la modelizaci\u00f3n matem\u00e1tica con GeoGebra\u201d<\/td><td><strong><strong>Conferences<\/strong><\/strong>: &nbsp; <br><em>Marco Vinicio V\u00e1squez Bernal<\/em> &nbsp; \u201cImpacto de GeoGebra en los procesos de ense\u00f1anza aprendizaje de Ecuador\u201d &nbsp; <em>Alexandre Emanuel da Silva Trocado<\/em> &nbsp; \u201cAplicaciones con Feedback autom\u00e1tico\u201d<\/td><td>&nbsp;<\/td><\/tr><tr><td><strong>17,00<\/strong><\/td><td><strong><strong>Conference<\/strong><\/strong><br><em>Fabi\u00e1n Vitabar<\/em> &nbsp; \u00abBeneficios y complicaciones did\u00e1cticas de GeoGebra y sus novedades\u00bb<\/td><td><em>Presentation of MATESGG and other FESPM projects<\/em><\/td><td><strong><strong>GeoGebra Discussion<\/strong><br><br><\/strong>Markus Hohenwarter<br>Laura del R\u00edo<br>Fabi\u00e1n Vitabar<br><\/td><td>&nbsp;<\/td><\/tr><tr><td><strong>18,00<\/strong><\/td><td><strong><strong>Conference<\/strong><\/strong><br><em>Jos\u00e9 Mu\u00f1oz Santonja<\/em> &nbsp; \u201cGeoGebra y el arte cibern\u00e9tico\u201d<\/td><td><strong><strong>Conference<\/strong><\/strong><br><em>Markus Hohenwarter<\/em> &nbsp; \u201cGeoGebra &#8211; The Present and the Future\u201d<\/td><td><strong><strong>Conference<\/strong><\/strong> <br><em>Jos\u00e9 Manuel dos Santos dos Santos<\/em> \u201cPensamento Computacional com o GeoGebra no Curr\u00edculo de Matem\u00e1tica\u201d<\/td><td>&nbsp;<\/td><\/tr><tr><td><strong>19,00<\/strong><\/td><td>End of session<\/td><td>End of session<\/td><td>End of session<\/td><td>&nbsp;<\/td><\/tr><\/tbody><\/table><\/figure>\n","protected":false},"excerpt":{"rendered":"<p>TIME November 9 November 10 November 11 November 12 9,00 &nbsp; Conference\u00a0 \u00a0Jos\u00e9 Manuel Arranz \u00a0 \u201cGeoGebra y los tres problemas cl\u00e1sicos\u201d \u00a0 Diego Lieb\u00e1n \u00a0\u201cGeoGebra para el desarrollo del pensamiento espacial y combinatorio: posibilidades con recursos digitales y f\u00edsicos\u201d Conference &nbsp;Equipo GG Internacional Melanie Tomaschko &nbsp; \u201cGeoGebra Apps\u201d &nbsp; &nbsp; &nbsp; Tanja Wassermair &nbsp; [&hellip;]<\/p>\n","protected":false},"author":1,"featured_media":0,"parent":0,"menu_order":0,"comment_status":"closed","ping_status":"closed","template":"","meta":[],"_links":{"self":[{"href":"https:\/\/congresogeogebra.org\/index.php\/wp-json\/wp\/v2\/pages\/443"}],"collection":[{"href":"https:\/\/congresogeogebra.org\/index.php\/wp-json\/wp\/v2\/pages"}],"about":[{"href":"https:\/\/congresogeogebra.org\/index.php\/wp-json\/wp\/v2\/types\/page"}],"author":[{"embeddable":true,"href":"https:\/\/congresogeogebra.org\/index.php\/wp-json\/wp\/v2\/users\/1"}],"replies":[{"embeddable":true,"href":"https:\/\/congresogeogebra.org\/index.php\/wp-json\/wp\/v2\/comments?post=443"}],"version-history":[{"count":16,"href":"https:\/\/congresogeogebra.org\/index.php\/wp-json\/wp\/v2\/pages\/443\/revisions"}],"predecessor-version":[{"id":1356,"href":"https:\/\/congresogeogebra.org\/index.php\/wp-json\/wp\/v2\/pages\/443\/revisions\/1356"}],"wp:attachment":[{"href":"https:\/\/congresogeogebra.org\/index.php\/wp-json\/wp\/v2\/media?parent=443"}],"curies":[{"name":"wp","href":"https:\/\/api.w.org\/{rel}","templated":true}]}}