{"id":476,"date":"2020-01-14T11:51:11","date_gmt":"2020-01-14T09:51:11","guid":{"rendered":"http:\/\/congresogeogebra.org\/?page_id=476"},"modified":"2025-10-27T17:45:34","modified_gmt":"2025-10-27T15:45:34","slug":"pagina-inicial","status":"publish","type":"page","link":"https:\/\/congresogeogebra.org\/index.php\/pt\/pagina-inicial\/","title":{"rendered":"P\u00e1gina inicial"},"content":{"rendered":"\n<p><strong>II Congresso Internacional GeoGebra<\/strong><\/p>\n\n\n\n<p><strong>Local do Congresso:<\/strong> Departamento de Matem\u00e1tica da Universidade de Coimbra<\/p>\n\n\n\n<div class=\"wp-block-image\"><figure class=\"aligncenter size-large is-resized\"><img loading=\"lazy\" src=\"https:\/\/congresogeogebra.org\/wp-content\/uploads\/2025\/04\/dmuc-2.png\" alt=\"\" class=\"wp-image-1931\" width=\"324\" height=\"182\" srcset=\"https:\/\/congresogeogebra.org\/wp-content\/uploads\/2025\/04\/dmuc-2.png 400w, https:\/\/congresogeogebra.org\/wp-content\/uploads\/2025\/04\/dmuc-2-300x169.png 300w\" sizes=\"(max-width: 324px) 100vw, 324px\" \/><\/figure><\/div>\n\n\n\n<p>A comiss\u00e3o organizadora agradece a todos os participantes pela qualidade das partilhas, que enriqueceram tr\u00eas dias intensos de trabalho. <a href=\"https:\/\/congresogeogebra.org\/index.php\/fotos\/\" data-type=\"page\" data-id=\"2131\">(algumas fotos)<\/a><\/p>\n\n\n\n<p>Vemo-nos em Cuenca, no Equador, em 2027!<\/p>\n\n\n\n<div class=\"wp-block-image\"><figure class=\"aligncenter size-large is-resized\"><img loading=\"lazy\" src=\"http:\/\/congresogeogebra.org\/wp-content\/uploads\/2025\/10\/Flag_of_Ecuador.svg_-2-1024x683.png\" alt=\"\" class=\"wp-image-2183\" width=\"336\" height=\"192\"\/><\/figure><\/div>\n","protected":false},"excerpt":{"rendered":"<p>II Congresso Internacional GeoGebra Local do Congresso: Departamento de Matem\u00e1tica da Universidade de Coimbra A comiss\u00e3o organizadora agradece a todos os participantes pela qualidade das partilhas, que enriqueceram tr\u00eas dias intensos de trabalho. (algumas fotos) Vemo-nos em Cuenca, no Equador, em 2027!<\/p>\n","protected":false},"author":1,"featured_media":0,"parent":0,"menu_order":0,"comment_status":"closed","ping_status":"open","template":"","meta":[],"_links":{"self":[{"href":"https:\/\/congresogeogebra.org\/index.php\/wp-json\/wp\/v2\/pages\/476"}],"collection":[{"href":"https:\/\/congresogeogebra.org\/index.php\/wp-json\/wp\/v2\/pages"}],"about":[{"href":"https:\/\/congresogeogebra.org\/index.php\/wp-json\/wp\/v2\/types\/page"}],"author":[{"embeddable":true,"href":"https:\/\/congresogeogebra.org\/index.php\/wp-json\/wp\/v2\/users\/1"}],"replies":[{"embeddable":true,"href":"https:\/\/congresogeogebra.org\/index.php\/wp-json\/wp\/v2\/comments?post=476"}],"version-history":[{"count":24,"href":"https:\/\/congresogeogebra.org\/index.php\/wp-json\/wp\/v2\/pages\/476\/revisions"}],"predecessor-version":[{"id":2192,"href":"https:\/\/congresogeogebra.org\/index.php\/wp-json\/wp\/v2\/pages\/476\/revisions\/2192"}],"wp:attachment":[{"href":"https:\/\/congresogeogebra.org\/index.php\/wp-json\/wp\/v2\/media?parent=476"}],"curies":[{"name":"wp","href":"https:\/\/api.w.org\/{rel}","templated":true}]}}