{"id":502,"date":"2020-01-14T14:03:06","date_gmt":"2020-01-14T12:03:06","guid":{"rendered":"http:\/\/congresogeogebra.org\/?page_id=502"},"modified":"2025-05-04T20:36:19","modified_gmt":"2025-05-04T18:36:19","slug":"comite-organizador-2","status":"publish","type":"page","link":"https:\/\/congresogeogebra.org\/index.php\/pt\/comite-organizador-2\/","title":{"rendered":"Comit\u00e9 Organizador"},"content":{"rendered":"\n<p class=\"has-medium-font-size\"><strong>Comit\u00e9 organizador<\/strong><\/p>\n\n\n\n<figure class=\"wp-block-table\"><table><tbody><tr><td>Agustin Carrillo De Albornoz y Torres<\/td><td>Federa\u00e7\u00e3o Espanhola de Sociedades de Professores de Matem\u00e1tica<\/td><\/tr><tr><td>Alexandre Emanuel Batista da Silva Trocado<\/td><td>Col\u00e9gio Cam\u00f5es<\/td><\/tr><tr><td>Daniel Marques Pinto&nbsp;<\/td><td>Universidade de Coimbra<\/td><\/tr><tr><td>Joana Teles&nbsp;<\/td><td>Universidade de Coimbra<\/td><\/tr><tr><td>Jos\u00e9 Manuel Dos Santos Dos Santos<\/td><td>Universidade de Coimbra<\/td><\/tr><tr><td>Jos\u00e9 Mar\u00eda Chac\u00f3n \u00cd\u00f1igo<\/td><td>Sociedade Andaluza de Educa\u00e7\u00e3o Matem\u00e1tica Thales<\/td><\/tr><tr><td>Juan Antonio Reyes Delgado<\/td><td>Sociedade Andaluza de Educa\u00e7\u00e3o Matem\u00e1tica Thales<\/td><\/tr><tr><td>Marcio Almeida<\/td><td>Instituto Federal de S\u00e3o Paulo<\/td><\/tr><tr><td>Paulo Correia<\/td><td>Escola Secund\u00e1ria de Alc\u00e1cer do Sal<\/td><\/tr><\/tbody><\/table><\/figure>\n\n\n\n<p class=\"has-medium-font-size\"><strong>Comiss\u00e3o local de apoio<\/strong><\/p>\n\n\n\n<figure class=\"wp-block-table\"><table><tbody><tr><td><strong>Alunos do Mestrado em Ensino da Matem\u00e1tica 3.\u00ba Ciclo e Secund\u00e1rio<\/strong><\/td><\/tr><tr><td>Beatriz Ester Marques Preto<\/td><\/tr><tr><td>Jo\u00e3o Manuel Daniel da Silva&nbsp;<\/td><\/tr><tr><td>Jos\u00e9 Ernesto G\u00e2ndara Lucas<\/td><\/tr><tr><td>Mafalda Neves Pena de Morais Sarmento<\/td><\/tr><tr><td>Manuel Pizarro<\/td><\/tr><tr><td>T\u00e2nia Sofia Riqueza da Silva Monteiro<\/td><\/tr><tr><td>Teresa Pereira Freitas<\/td><\/tr><\/tbody><\/table><\/figure>\n","protected":false},"excerpt":{"rendered":"<p>Comit\u00e9 organizador Agustin Carrillo De Albornoz y Torres Federa\u00e7\u00e3o Espanhola de Sociedades de Professores de Matem\u00e1tica Alexandre Emanuel Batista da Silva Trocado Col\u00e9gio Cam\u00f5es Daniel Marques Pinto&nbsp; Universidade de Coimbra Joana Teles&nbsp; Universidade de Coimbra Jos\u00e9 Manuel Dos Santos Dos Santos Universidade de Coimbra Jos\u00e9 Mar\u00eda Chac\u00f3n \u00cd\u00f1igo Sociedade Andaluza de Educa\u00e7\u00e3o Matem\u00e1tica Thales Juan [&hellip;]<\/p>\n","protected":false},"author":1,"featured_media":0,"parent":0,"menu_order":0,"comment_status":"closed","ping_status":"closed","template":"","meta":[],"_links":{"self":[{"href":"https:\/\/congresogeogebra.org\/index.php\/wp-json\/wp\/v2\/pages\/502"}],"collection":[{"href":"https:\/\/congresogeogebra.org\/index.php\/wp-json\/wp\/v2\/pages"}],"about":[{"href":"https:\/\/congresogeogebra.org\/index.php\/wp-json\/wp\/v2\/types\/page"}],"author":[{"embeddable":true,"href":"https:\/\/congresogeogebra.org\/index.php\/wp-json\/wp\/v2\/users\/1"}],"replies":[{"embeddable":true,"href":"https:\/\/congresogeogebra.org\/index.php\/wp-json\/wp\/v2\/comments?post=502"}],"version-history":[{"count":7,"href":"https:\/\/congresogeogebra.org\/index.php\/wp-json\/wp\/v2\/pages\/502\/revisions"}],"predecessor-version":[{"id":1987,"href":"https:\/\/congresogeogebra.org\/index.php\/wp-json\/wp\/v2\/pages\/502\/revisions\/1987"}],"wp:attachment":[{"href":"https:\/\/congresogeogebra.org\/index.php\/wp-json\/wp\/v2\/media?parent=502"}],"curies":[{"name":"wp","href":"https:\/\/api.w.org\/{rel}","templated":true}]}}