{"id":522,"date":"2020-01-14T14:24:16","date_gmt":"2020-01-14T12:24:16","guid":{"rendered":"http:\/\/congresogeogebra.org\/?page_id=522"},"modified":"2024-11-17T05:56:11","modified_gmt":"2024-11-17T03:56:11","slug":"como-chegar-a-sevilla","status":"publish","type":"page","link":"https:\/\/congresogeogebra.org\/index.php\/pt\/como-chegar-a-sevilla\/","title":{"rendered":"Como chegar a Coimbra"},"content":{"rendered":"<p><style>.page-header-content{background:transparent !important;vertical-align: bottom;}header.sabbi-page-header{min-height: 2.5vw !important;height: 2.5vw !important;}<\/style>\n<\/p>\n\n\n<p>Coimbra \u00e9 mundialmente conhecida pela sua Universidade, \u00e9 uma das universidades mais antigas do mundo ainda em opera\u00e7\u00e3o, foi criada a 1 de Mar\u00e7o de 1290 pelo rei D. Dinis I. <\/p>\n\n\n\n<div class=\"wp-block-image\"><figure class=\"aligncenter size-large is-resized\"><img loading=\"lazy\" src=\"https:\/\/congresogeogebra.org\/wp-content\/uploads\/2024\/11\/DinisI-UniCoimbra.jpg\" alt=\"\" class=\"wp-image-1297\" width=\"264\" height=\"198\" srcset=\"https:\/\/congresogeogebra.org\/wp-content\/uploads\/2024\/11\/DinisI-UniCoimbra.jpg 375w, https:\/\/congresogeogebra.org\/wp-content\/uploads\/2024\/11\/DinisI-UniCoimbra-300x225.jpg 300w\" sizes=\"(max-width: 264px) 100vw, 264px\" \/><figcaption>Est\u00e1tua do rei D. Dinis, a sua esquerda se encontra o Departamento de Matem\u00e1tica da Universidade de Coimbra. <\/figcaption><\/figure><\/div>\n\n\n\n<p>A Coimbra pode viajar por comboio, ou auto-estrada, com liga\u00e7\u00f5es a partir dos aeroportos internacionais situados no Porto ou em Lisboa. <\/p>\n\n\n\n<p><strong>De avi\u00e3o<\/strong><\/p>\n\n\n\n<p>Se decidir voar para Porto, aterrar\u00e1 no Aeroporto Internacional Francisco S\u00e1 carneiro. A partir deste aeroporto t\u00eam liga\u00e7\u00e3o de Metro para a Esta\u00e7\u00e3o e Terminal de Bus de Campanh\u00e3 com liga\u00e7\u00f5es \u00e0 Cidade de Coimbra.<\/p>\n\n\n\n<p>Se decidir voar para Lisboa, aterrar\u00e1 no Aeroporto Internacional Humberto Delgado. A partir deste aeroporto t\u00eam liga\u00e7\u00e3o de Metro para a Esta\u00e7\u00e3o e Terminal de Bus do Oriente com liga\u00e7\u00f5es \u00e0 Cidade de Coimbra.<\/p>\n\n\n\n<p><strong>De carro<\/strong><\/p>\n\n\n\n<p>Coimbra \u00e9 perfeitamente comunicada por estrada. A rede de autoestradas europeias com destino a Portugal conectam com a autoestrada A1, que liga Porto a Lisboa, com dois n\u00f3s de liga\u00e7\u00e3o a cidade de Coimbra.<\/p>\n","protected":false},"excerpt":{"rendered":"<p>Coimbra \u00e9 mundialmente conhecida pela sua Universidade, \u00e9 uma das universidades mais antigas do mundo ainda em opera\u00e7\u00e3o, foi criada a 1 de Mar\u00e7o de 1290 pelo rei D. Dinis I. A Coimbra pode viajar por comboio, ou auto-estrada, com liga\u00e7\u00f5es a partir dos aeroportos internacionais situados no Porto ou em Lisboa. De avi\u00e3o Se [&hellip;]<\/p>\n","protected":false},"author":1,"featured_media":0,"parent":0,"menu_order":0,"comment_status":"closed","ping_status":"closed","template":"","meta":[],"_links":{"self":[{"href":"https:\/\/congresogeogebra.org\/index.php\/wp-json\/wp\/v2\/pages\/522"}],"collection":[{"href":"https:\/\/congresogeogebra.org\/index.php\/wp-json\/wp\/v2\/pages"}],"about":[{"href":"https:\/\/congresogeogebra.org\/index.php\/wp-json\/wp\/v2\/types\/page"}],"author":[{"embeddable":true,"href":"https:\/\/congresogeogebra.org\/index.php\/wp-json\/wp\/v2\/users\/1"}],"replies":[{"embeddable":true,"href":"https:\/\/congresogeogebra.org\/index.php\/wp-json\/wp\/v2\/comments?post=522"}],"version-history":[{"count":6,"href":"https:\/\/congresogeogebra.org\/index.php\/wp-json\/wp\/v2\/pages\/522\/revisions"}],"predecessor-version":[{"id":1299,"href":"https:\/\/congresogeogebra.org\/index.php\/wp-json\/wp\/v2\/pages\/522\/revisions\/1299"}],"wp:attachment":[{"href":"https:\/\/congresogeogebra.org\/index.php\/wp-json\/wp\/v2\/media?parent=522"}],"curies":[{"name":"wp","href":"https:\/\/api.w.org\/{rel}","templated":true}]}}