{"id":524,"date":"2020-01-14T14:25:55","date_gmt":"2020-01-14T12:25:55","guid":{"rendered":"http:\/\/congresogeogebra.org\/?page_id=524"},"modified":"2023-03-29T10:57:59","modified_gmt":"2023-03-29T08:57:59","slug":"visite-sevilha","status":"publish","type":"page","link":"https:\/\/congresogeogebra.org\/index.php\/pt\/visite-sevilha\/","title":{"rendered":"Visite C\u00f3rdoba"},"content":{"rendered":"<style>.page-header-content{background:transparent !important;vertical-align: bottom;}header.sabbi-page-header{min-height: 2.5vw !important;height: 2.5vw !important;}<\/style>\n\n\n<p>Como diz a can\u00e7\u00e3o de Medina Azahara, \u00abC\u00f3rdoba chegando de dia voc\u00ea me apaixona, e de noite voc\u00ea me enfeiti\u00e7a sozinho<br>e com a tua magia me fazes sonhar\u201d, esperamos que te apaixone, encante e te fa\u00e7a sonhar durante a sua estadia na nossa congrega\u00e7\u00e3o.<\/p>\n\n\n\n<p>Oferecemos-lhe algumas informa\u00e7\u00f5es esperando que sejam \u00fateis para planear a sua visita.<\/p>\n\n\n\n<p><a href=\"https:\/\/www.turismodecordoba.org\/\">Turismo de C\u00f3rdoba<\/a><\/p>\n\n\n\n<p><a href=\"https:\/\/guias-viajar.com\/espana\/cordoba-visitas-imprescindibles\/\">O que ver em C\u00f3rdoba?<\/a><\/p>\n\n\n\n<p>E n\u00e3o se esque\u00e7a que outra coisa que voc\u00ea pode fazer \u00e9 desfrutar das tapas que C\u00f3rdoba oferece em seus bares e restaurantes. Para esta atividade prepararemos informa\u00e7\u00f5es detalhadas que lhe forneceremos no momento de seu credenciamento no congresso internacional GeoGebra.<\/p>\n","protected":false},"excerpt":{"rendered":"<p>Como diz a can\u00e7\u00e3o de Medina Azahara, \u00abC\u00f3rdoba chegando de dia voc\u00ea me apaixona, e de noite voc\u00ea me enfeiti\u00e7a sozinhoe com a tua magia me fazes sonhar\u201d, esperamos que te apaixone, encante e te fa\u00e7a sonhar durante a sua estadia na nossa congrega\u00e7\u00e3o. Oferecemos-lhe algumas informa\u00e7\u00f5es esperando que sejam \u00fateis para planear a sua [&hellip;]<\/p>\n","protected":false},"author":1,"featured_media":0,"parent":0,"menu_order":0,"comment_status":"closed","ping_status":"closed","template":"","meta":[],"_links":{"self":[{"href":"https:\/\/congresogeogebra.org\/index.php\/wp-json\/wp\/v2\/pages\/524"}],"collection":[{"href":"https:\/\/congresogeogebra.org\/index.php\/wp-json\/wp\/v2\/pages"}],"about":[{"href":"https:\/\/congresogeogebra.org\/index.php\/wp-json\/wp\/v2\/types\/page"}],"author":[{"embeddable":true,"href":"https:\/\/congresogeogebra.org\/index.php\/wp-json\/wp\/v2\/users\/1"}],"replies":[{"embeddable":true,"href":"https:\/\/congresogeogebra.org\/index.php\/wp-json\/wp\/v2\/comments?post=524"}],"version-history":[{"count":3,"href":"https:\/\/congresogeogebra.org\/index.php\/wp-json\/wp\/v2\/pages\/524\/revisions"}],"predecessor-version":[{"id":880,"href":"https:\/\/congresogeogebra.org\/index.php\/wp-json\/wp\/v2\/pages\/524\/revisions\/880"}],"wp:attachment":[{"href":"https:\/\/congresogeogebra.org\/index.php\/wp-json\/wp\/v2\/media?parent=524"}],"curies":[{"name":"wp","href":"https:\/\/api.w.org\/{rel}","templated":true}]}}