{"id":619,"date":"2020-03-07T22:31:54","date_gmt":"2020-03-07T20:31:54","guid":{"rendered":"http:\/\/congresogeogebra.org\/?page_id=619"},"modified":"2024-11-17T23:09:46","modified_gmt":"2024-11-17T21:09:46","slug":"colaboracoes","status":"publish","type":"page","link":"https:\/\/congresogeogebra.org\/index.php\/pt\/colaboracoes\/","title":{"rendered":"Colabora\u00e7\u00f5es"},"content":{"rendered":"<style>.page-header-content{background:transparent !important;vertical-align: bottom;}header.sabbi-page-header{min-height: 2.5vw !important;height: 2.5vw !important;}<\/style>\n<table class=\"tablapatrocinio\">\n<tbody>\n<tr>\n<td class=\"tdimagen\" width=\"20%\"><a href=\"http:\/\/www.educacionyfp.gob.es\/portada.html\" target=\"_blank\" rel=\"noopener noreferrer\"><img class=\"\" src=\"http:\/\/congresogeogebra.org\/wp-content\/uploads\/2020\/03\/logotipo-Ministerio-Educaci\u00f3n.png\"><\/a><\/td>\n<td class=\"tdtitulo\"><a href=\"http:\/\/www.educacionyfp.gob.es\/portada.html\" target=\"_blank\" rel=\"noopener noreferrer\">Ministerio de Educaci\u00f3n y Formaci\u00f3n Profesional<\/a><\/td>\n<td class=\"tdimagen\" width=\"20%\"><a href=\"http:\/\/www.uco.es\" target=\"_blank\" rel=\"noopener noreferrer\"><img class=\"\" src=\"http:\/\/congresogeogebra.org\/wp-content\/uploads\/2023\/03\/uco.png\"><\/a><\/td>\n<td class=\"tdtitulo\"><a href=\"http:\/\/www.uco.es\" target=\"_blank\" rel=\"noopener noreferrer\">Universidad de C\u00f3rdoba<\/a><\/td>\n<\/tr>\n<\/tbody>\n<\/table>\n","protected":false},"excerpt":{"rendered":"<p>Ministerio de Educaci\u00f3n y Formaci\u00f3n Profesional Universidad de C\u00f3rdoba<\/p>\n","protected":false},"author":1,"featured_media":0,"parent":0,"menu_order":0,"comment_status":"closed","ping_status":"closed","template":"","meta":[],"_links":{"self":[{"href":"https:\/\/congresogeogebra.org\/index.php\/wp-json\/wp\/v2\/pages\/619"}],"collection":[{"href":"https:\/\/congresogeogebra.org\/index.php\/wp-json\/wp\/v2\/pages"}],"about":[{"href":"https:\/\/congresogeogebra.org\/index.php\/wp-json\/wp\/v2\/types\/page"}],"author":[{"embeddable":true,"href":"https:\/\/congresogeogebra.org\/index.php\/wp-json\/wp\/v2\/users\/1"}],"replies":[{"embeddable":true,"href":"https:\/\/congresogeogebra.org\/index.php\/wp-json\/wp\/v2\/comments?post=619"}],"version-history":[{"count":5,"href":"https:\/\/congresogeogebra.org\/index.php\/wp-json\/wp\/v2\/pages\/619\/revisions"}],"predecessor-version":[{"id":1300,"href":"https:\/\/congresogeogebra.org\/index.php\/wp-json\/wp\/v2\/pages\/619\/revisions\/1300"}],"wp:attachment":[{"href":"https:\/\/congresogeogebra.org\/index.php\/wp-json\/wp\/v2\/media?parent=619"}],"curies":[{"name":"wp","href":"https:\/\/api.w.org\/{rel}","templated":true}]}}