{"id":73,"date":"2019-11-12T10:29:32","date_gmt":"2019-11-12T08:29:32","guid":{"rendered":"http:\/\/geogebra.fespm.es\/?page_id=73"},"modified":"2025-04-24T00:13:23","modified_gmt":"2025-04-23T22:13:23","slug":"comites","status":"publish","type":"page","link":"https:\/\/congresogeogebra.org\/index.php\/comites\/","title":{"rendered":"Comit\u00e9 cient\u00edfico"},"content":{"rendered":"\n<p class=\"has-medium-font-size\"><strong>Comit\u00e9 cient\u00edfico<\/strong><\/p>\n\n\n\n<figure class=\"wp-block-table\"><table><tbody><tr><td><strong>Maria de Natividade<\/strong><\/td><td>Universidad Agostinho Neto<\/td><td>Angola<\/td><\/tr><tr><td><strong>Kengana Andre Jo\u00e3o<\/strong><\/td><td>Escuela Superior Pedag\u00f3gica de Bengo<\/td><td>Angola<\/td><\/tr><tr><td><strong>Karina Rizzo<\/strong><\/td><td>Instituto Superior de Formaci\u00f3n Docente y T\u00e9cnica N\u00ba24<\/td><td>Argentina<\/td><\/tr><tr><td><strong>Zsolt Lavicza<\/strong><\/td><td>JKU &#8211; Universidad Johannes Kepler de Linz<\/td><td>Austria<\/td><\/tr><tr><td><strong>Zolt\u00e1n Kov\u00e1cs<\/strong><\/td><td>Escuela Universitaria Privada de Formaci\u00f3n del Profesorado de la Di\u00f3cesis de Linz<\/td><td>Austria<\/td><\/tr><tr><td><strong>Celina Abar<\/strong><\/td><td>Pontificia Universidad Cat\u00f3lica de S\u00e3o Paulo<\/td><td>Brasil<\/td><\/tr><tr><td><strong>Jorge Cassio Costa Nobriga<\/strong><\/td><td>Universidad Federal de Santa Catarina<\/td><td>Brasil<\/td><\/tr><tr><td><strong>Luciana Prado Mouta Pena<\/strong><\/td><td>Universidad Federal Fluminense<\/td><td>Brasil<\/td><\/tr><tr><td><strong>Robert de Sousa<\/strong><\/td><td>Universidad de Cabo Verde<\/td><td>Cabo Verde<\/td><\/tr><tr><td><strong>Marco Vinicio V\u00e1squez Bernal<\/strong><\/td><td>Universidad Nacional de Educaci\u00f3n<\/td><td>Ecuador<\/td><\/tr><tr><td><strong>Cristina Naya<\/strong><\/td><td>Universidad de A Coru\u00f1a<\/td><td>Espa\u00f1a<\/td><\/tr><tr><td><strong>Jos\u00e9 Antonio Armesto<\/strong><\/td><td>B.M.C. Durfee High School<\/td><td>Estados Unidos<\/td><\/tr><tr><td><strong>Jose Antonio Vallejo Rodrigues<\/strong><\/td><td>Universidad Nacional de Educaci\u00f3n a Distancia<\/td><td>Espa\u00f1a<\/td><\/tr><tr><td><strong>Mario Fioravanti<\/strong><\/td><td>Instituto GeoGebra de Cantabria<\/td><td>Espa\u00f1a<\/td><\/tr><tr><td><strong>Pilar Sabariego<\/strong><\/td><td>Consejer\u00eda de Educaci\u00f3n del Gobierno de Cantabria<\/td><td>Espa\u00f1a<\/td><\/tr><tr><td><strong>Tomas Recio<\/strong><\/td><td>Universidad Antonio Nebrija<\/td><td>Espa\u00f1a<\/td><\/tr><tr><td><strong>Kismiantini<\/strong><\/td><td>Universitas Negeri Yogyakarta<\/td><td>Indonesia<\/td><\/tr><tr><td><strong>Aldovanda Bata<\/strong><\/td><td>Universidad Pedag\u00f3gica de Maputo<\/td><td>Mozambique<\/td><\/tr><tr><td><strong>Ana Am\u00e9lia Carvalho<\/strong><\/td><td>Universidad de Coimbra<\/td><td>Portugal<\/td><\/tr><tr><td><strong>Helena Albuquerque<\/strong><\/td><td>Universidad de Coimbra<\/td><td>Portugal<\/td><\/tr><tr><td><strong>Jaime Carvalho e Silva<\/strong>&nbsp;<strong>(Presidente)<\/strong><\/td><td>Universidad de Coimbra<\/td><td>Portugal<\/td><\/tr><tr><td><strong>Jos\u00e9 Carlos Santos<\/strong><\/td><td>Universidad de Oporto<\/td><td>Portugal<\/td><\/tr><tr><td><strong>Fabi\u00e1n Vitabar<\/strong><\/td><td>Consejo de Formaci\u00f3n en Educaci\u00f3n &#8211; ANEP<\/td><td>Uruguay<\/td><\/tr><\/tbody><\/table><\/figure>\n\n\n\n<p><\/p>\n","protected":false},"excerpt":{"rendered":"<p>Comit\u00e9 cient\u00edfico Maria de Natividade Universidad Agostinho Neto Angola Kengana Andre Jo\u00e3o Escuela Superior Pedag\u00f3gica de Bengo Angola Karina Rizzo Instituto Superior de Formaci\u00f3n Docente y T\u00e9cnica N\u00ba24 Argentina Zsolt Lavicza JKU &#8211; Universidad Johannes Kepler de Linz Austria Zolt\u00e1n Kov\u00e1cs Escuela Universitaria Privada de Formaci\u00f3n del Profesorado de la Di\u00f3cesis de Linz Austria Celina [&hellip;]<\/p>\n","protected":false},"author":1,"featured_media":0,"parent":0,"menu_order":0,"comment_status":"closed","ping_status":"closed","template":"","meta":[],"_links":{"self":[{"href":"https:\/\/congresogeogebra.org\/index.php\/wp-json\/wp\/v2\/pages\/73"}],"collection":[{"href":"https:\/\/congresogeogebra.org\/index.php\/wp-json\/wp\/v2\/pages"}],"about":[{"href":"https:\/\/congresogeogebra.org\/index.php\/wp-json\/wp\/v2\/types\/page"}],"author":[{"embeddable":true,"href":"https:\/\/congresogeogebra.org\/index.php\/wp-json\/wp\/v2\/users\/1"}],"replies":[{"embeddable":true,"href":"https:\/\/congresogeogebra.org\/index.php\/wp-json\/wp\/v2\/comments?post=73"}],"version-history":[{"count":32,"href":"https:\/\/congresogeogebra.org\/index.php\/wp-json\/wp\/v2\/pages\/73\/revisions"}],"predecessor-version":[{"id":1954,"href":"https:\/\/congresogeogebra.org\/index.php\/wp-json\/wp\/v2\/pages\/73\/revisions\/1954"}],"wp:attachment":[{"href":"https:\/\/congresogeogebra.org\/index.php\/wp-json\/wp\/v2\/media?parent=73"}],"curies":[{"name":"wp","href":"https:\/\/api.w.org\/{rel}","templated":true}]}}