{"id":82,"date":"2019-11-12T10:30:59","date_gmt":"2019-11-12T08:30:59","guid":{"rendered":"http:\/\/geogebra.fespm.es\/?page_id=82"},"modified":"2023-10-28T16:10:06","modified_gmt":"2023-10-28T14:10:06","slug":"informacion","status":"publish","type":"page","link":"https:\/\/congresogeogebra.org\/index.php\/informacion\/","title":{"rendered":"Informaci\u00f3n de inter\u00e9s"},"content":{"rendered":"<p><style>.page-header-content{background:transparent !important;vertical-align: bottom;}header.sabbi-page-header{min-height: 2.5vw !important;height: 2.5vw !important;}<\/style>\n<\/p>\n<h3>Cena del Congreso<\/h3>\n<p>La cena del congreso tendr\u00e1 lugar el s\u00e1bado 11 de noviembre de 2023, a las 21 horas en las Bodegas Campos.<\/p>\n<p>Bodegas Campos es uno de los restaurantes hist\u00f3ricos de C\u00f3rdoba, abierto desde 1908. Se puede acceder a su Web a trav\u00e9s del siguiente enlace: <a href=\"https:\/\/bodegascampos.com\/\">Acceso Bodegas Campos de C\u00f3rdoba<\/a><\/p>\n<p>El men\u00fa que han preparado consta de un ampl\u00edo surtido de aperitivos, un plato en mesa y postre, incluyendo las bebidas. El men\u00fa se puede consultar a trav\u00e9s del enlace siguiente: <a href=\"http:\/\/congresogeogebra.org\/wp-content\/uploads\/2023\/10\/Cena-del-congreso.pdf\">Men\u00fa de la cena del congreso<\/a><\/p>\n<p>El precio del men\u00fa es de 50 \u20ac. La reserva para la cena es necesario hacerla a trav\u00e9s del formulario siguiente, en el que hay que adjuntar el justificante del pago a <a href=\"mailto:geogebra@fespm.es\">geogebra@fespm.es<\/a>. <\/p>\n<p style=\"text-align: center;\"><a href=\"https:\/\/forms.gle\/hbcSKCA14brFWimv9\">Reserva de plazas para la cena congreso<\/a><\/p>\n\n\n<p>La reserva y pago de la cena debe hacerse antes del 4 de noviembre (\u00daltimas plazas disponibles).<\/p>\n\n\n\n<p>El pago de la cena del congreso se puede realizar por transferencia a la cuenta de la FESPM n\u00famero ES43 2100 2153 3502 0017 8366<\/p>\n\n\n\n<p>Tambi\u00e9n se puede realizar mediante PayPal a trav\u00e9s del acceso siguiente: <a href=\"https:\/\/congresogeogebra.org\/index.php\/pago-con-tarjeta\/\">Pago con PayPal<\/a>.<\/p>\n\n\n\n<p>Durante la cena realizaremos distintas actividades l\u00fadicas.<\/p>\n\n\n\n<p class=\"has-vivid-red-color has-text-color\"><strong>Os esperamos para celebrar juntos este Congreso Internacional de GeoGebra.<\/strong><\/p>\n","protected":false},"excerpt":{"rendered":"<p>Cena del Congreso La cena del congreso tendr\u00e1 lugar el s\u00e1bado 11 de noviembre de 2023, a las 21 horas en las Bodegas Campos. Bodegas Campos es uno de los restaurantes hist\u00f3ricos de C\u00f3rdoba, abierto desde 1908. Se puede acceder a su Web a trav\u00e9s del siguiente enlace: Acceso Bodegas Campos de C\u00f3rdoba El men\u00fa [&hellip;]<\/p>\n","protected":false},"author":1,"featured_media":0,"parent":0,"menu_order":0,"comment_status":"closed","ping_status":"closed","template":"","meta":[],"_links":{"self":[{"href":"https:\/\/congresogeogebra.org\/index.php\/wp-json\/wp\/v2\/pages\/82"}],"collection":[{"href":"https:\/\/congresogeogebra.org\/index.php\/wp-json\/wp\/v2\/pages"}],"about":[{"href":"https:\/\/congresogeogebra.org\/index.php\/wp-json\/wp\/v2\/types\/page"}],"author":[{"embeddable":true,"href":"https:\/\/congresogeogebra.org\/index.php\/wp-json\/wp\/v2\/users\/1"}],"replies":[{"embeddable":true,"href":"https:\/\/congresogeogebra.org\/index.php\/wp-json\/wp\/v2\/comments?post=82"}],"version-history":[{"count":17,"href":"https:\/\/congresogeogebra.org\/index.php\/wp-json\/wp\/v2\/pages\/82\/revisions"}],"predecessor-version":[{"id":1210,"href":"https:\/\/congresogeogebra.org\/index.php\/wp-json\/wp\/v2\/pages\/82\/revisions\/1210"}],"wp:attachment":[{"href":"https:\/\/congresogeogebra.org\/index.php\/wp-json\/wp\/v2\/media?parent=82"}],"curies":[{"name":"wp","href":"https:\/\/api.w.org\/{rel}","templated":true}]}}